
{"id":10642,"date":"2022-06-07T15:27:48","date_gmt":"2022-06-07T15:27:48","guid":{"rendered":"https:\/\/uptec.up.pt\/?page_id=10642"},"modified":"2022-06-08T09:27:46","modified_gmt":"2022-06-08T09:27:46","slug":"clouddays","status":"publish","type":"page","link":"https:\/\/uptec.fera.miewstudio.com\/pt-pt\/clouddays\/","title":{"rendered":"UPTEC Cloud Days"},"content":{"rendered":"<div class=\"wpb-content-wrapper\">[vc_row unlock_row_content=&#8221;yes&#8221; row_height_percent=&#8221;0&#8243; override_padding=&#8221;yes&#8221; h_padding=&#8221;0&#8243; top_padding=&#8221;2&#8243; bottom_padding=&#8221;2&#8243; overlay_alpha=&#8221;50&#8243; gutter_size=&#8221;0&#8243; column_width_percent=&#8221;100&#8243; shift_y=&#8221;0&#8243; z_index=&#8221;0&#8243; el_class=&#8221;margin-top-md margin-bottom-md animated-parallax&#8221;][vc_column column_width_percent=&#8221;100&#8243; overlay_alpha=&#8221;50&#8243; gutter_size=&#8221;3&#8243; medium_visibility=&#8221;yes&#8221; medium_width=&#8221;0&#8243; mobile_visibility=&#8221;yes&#8221; mobile_width=&#8221;0&#8243; shift_x=&#8221;0&#8243; shift_y=&#8221;0&#8243; shift_y_down=&#8221;0&#8243; z_index=&#8221;0&#8243; width=&#8221;2\/12&#8243;][\/vc_column][vc_column width=&#8221;8\/12&#8243;][vc_custom_heading heading_semantic=&#8221;h1&#8243; text_size=&#8221;&#8221; el_class=&#8221;uppercase text-stroked padding-bottom-sm&#8221;]UPTEC Cloud Days[\/vc_custom_heading][vc_column_text css_animation=&#8221;alpha-anim&#8221; el_class=&#8221;title&#8221;]\r\n<h1>Nos dias 14 e 15 de junho, a <mark>UPTEC <\/mark>Asprela I acolhe o CLOUD DAYS, um evento que junta a <mark>Amazon Web Services, IBM, Google e Microsoft <\/mark> para te dar a conhecer a melhor solu\u00e7\u00e3o <em>cloud<\/em> para o teu neg\u00f3cio e como \u00e9 que estas plataformas podem ajudar a tua <em>startup<\/em> a crescer.<\/h1>\r\n[\/vc_column_text][\/vc_column][vc_column column_width_percent=&#8221;100&#8243; overlay_alpha=&#8221;50&#8243; gutter_size=&#8221;3&#8243; medium_visibility=&#8221;yes&#8221; medium_width=&#8221;0&#8243; mobile_visibility=&#8221;yes&#8221; mobile_width=&#8221;0&#8243; shift_x=&#8221;0&#8243; shift_y=&#8221;0&#8243; shift_y_down=&#8221;0&#8243; z_index=&#8221;0&#8243; width=&#8221;2\/12&#8243;][\/vc_column][\/vc_row][vc_row unlock_row_content=&#8221;yes&#8221; row_height_percent=&#8221;0&#8243; override_padding=&#8221;yes&#8221; h_padding=&#8221;0&#8243; top_padding=&#8221;2&#8243; bottom_padding=&#8221;2&#8243; overlay_alpha=&#8221;50&#8243; gutter_size=&#8221;0&#8243; column_width_percent=&#8221;100&#8243; shift_y=&#8221;0&#8243; z_index=&#8221;0&#8243; el_class=&#8221;margin-top-md margin-bottom-md animated-parallax&#8221;][vc_column column_width_percent=&#8221;100&#8243; overlay_alpha=&#8221;50&#8243; gutter_size=&#8221;3&#8243; medium_visibility=&#8221;yes&#8221; medium_width=&#8221;0&#8243; mobile_visibility=&#8221;yes&#8221; mobile_width=&#8221;0&#8243; shift_x=&#8221;0&#8243; shift_y=&#8221;0&#8243; shift_y_down=&#8221;0&#8243; z_index=&#8221;0&#8243; width=&#8221;2\/12&#8243;][\/vc_column][vc_column width=&#8221;8\/12&#8243;][vc_row_inner row_inner_height_percent=&#8221;0&#8243; overlay_alpha=&#8221;50&#8243; gutter_size=&#8221;0&#8243; shift_y=&#8221;0&#8243; z_index=&#8221;0&#8243; el_class=&#8221;offering-divs offer-card-wrapper&#8221;][vc_column_inner column_width_percent=&#8221;100&#8243; position_horizontal=&#8221;left&#8221; gutter_size=&#8221;3&#8243; overlay_alpha=&#8221;50&#8243; medium_width=&#8221;0&#8243; mobile_width=&#8221;0&#8243; shift_x=&#8221;0&#8243; shift_y=&#8221;0&#8243; shift_y_down=&#8221;0&#8243; z_index=&#8221;0&#8243; width=&#8221;1\/4&#8243; el_class=&#8221;padding-top-sm cloud-wrapper&#8221; link_to=&#8221;url:https%3A%2F%2Fmagicbeans.pt%2Fuptec-cloud-breakfast%2F||target:%20_blank|&#8221;][vc_custom_heading heading_semantic=&#8221;h3&#8243; text_size=&#8221;h3&#8243; css_animation=&#8221;alpha-anim&#8221; el_class=&#8221;cloud-button&#8221;]\r\n<h3>inscrever-me<\/h3>\r\n[\/vc_custom_heading][vc_single_image media=&#8221;10652&#8243; media_width_percent=&#8221;100&#8243; el_class=&#8221;cloud_img&#8221;][vc_custom_heading heading_semantic=&#8221;h3&#8243; text_size=&#8221;h3&#8243; css_animation=&#8221;alpha-anim&#8221;]\r\n<h3>14 JUN 10h<\/h3>\r\n[\/vc_custom_heading][vc_custom_heading heading_semantic=&#8221;h3&#8243; text_size=&#8221;h3&#8243; css_animation=&#8221;alpha-anim&#8221;]\r\n<h3>Daniel Almeida e Sara Aguiar<\/h3>\r\n[\/vc_custom_heading][vc_column_text]Se precisas de escalar rapidamente e com seguran\u00e7a na <em>cloud<\/em> ou se queres modernizar a tua infraestrutura com <em>kubernetes<\/em> ou, ainda, se queres explorar novos <em>data<\/em> <em>workloads<\/em> com <em>Machine Learning<\/em>, a sess\u00e3o com a Amazon Web Services pode ser ideal para ti. Al\u00e9m disso, vais poder conhecer as vantagens e os diferentes programas da AWS para apoiar <em>startups<\/em> como a tua.\r\n\r\n<span data-sheets-value=\"{&quot;1&quot;:2,&quot;2&quot;:&quot;UPTEC acts as a privileged link to the University of Porto, while enhancing synergies with the R&amp;D+i departments and interface institutes of U.Porto.&quot;}\" data-sheets-userformat=\"{&quot;2&quot;:15233,&quot;3&quot;:{&quot;1&quot;:0},&quot;10&quot;:2,&quot;11&quot;:0,&quot;12&quot;:0,&quot;14&quot;:{&quot;1&quot;:2,&quot;2&quot;:0},&quot;15&quot;:&quot;Arial&quot;,&quot;16&quot;:11}\">\u00a0<\/span>[\/vc_column_text][\/vc_column_inner][vc_column_inner column_width_percent=&#8221;100&#8243; position_horizontal=&#8221;left&#8221; gutter_size=&#8221;3&#8243; overlay_alpha=&#8221;50&#8243; medium_width=&#8221;0&#8243; mobile_width=&#8221;0&#8243; shift_x=&#8221;0&#8243; shift_y=&#8221;0&#8243; shift_y_down=&#8221;0&#8243; z_index=&#8221;0&#8243; width=&#8221;1\/4&#8243; el_class=&#8221;padding-top-sm cloud-wrapper&#8221; link_to=&#8221;url:https%3A%2F%2Fforms.gle%2F9HMzRpjfv4dF2hgw7|title:Companies||&#8221;][vc_custom_heading heading_semantic=&#8221;h3&#8243; text_size=&#8221;h3&#8243; css_animation=&#8221;alpha-anim&#8221; el_class=&#8221;cloud-button&#8221;]\r\n<h3>inscrever-me<\/h3>\r\n[\/vc_custom_heading][vc_single_image media=&#8221;10648&#8243; media_width_percent=&#8221;100&#8243; el_class=&#8221;cloud_img&#8221;][vc_custom_heading heading_semantic=&#8221;h3&#8243; text_size=&#8221;h3&#8243; css_animation=&#8221;alpha-anim&#8221;]\r\n<h3>14 JUN 14h<\/h3>\r\n[\/vc_custom_heading][vc_custom_heading heading_semantic=&#8221;h3&#8243; text_size=&#8221;h3&#8243; css_animation=&#8221;alpha-anim&#8221;]\r\n<h3>Arlindo Dias<\/h3>\r\n[\/vc_custom_heading][vc_column_text]O programa IBM for startups quer ajudar scaleups B2B a navegar pelos desafios e oportunidades de crescimento e levar essas empresas para o mercado mais rapidamente \u2014 ao mostrar a tua ideia a outros e maiores p\u00fablicos, enquanto expandes para novos e diversificados mercados. Nesta sess\u00e3o podes aproveitar a experi\u00eancia e expertise dos especialistas da IBM, porque \u201cquanto mais r\u00e1pido quiseres crescer, mais precisas de te juntar ao IBM for startups\u201d.\r\n\r\n<span data-sheets-value=\"{&quot;1&quot;:2,&quot;2&quot;:&quot;UPTEC acts as a privileged link to the University of Porto, while enhancing synergies with the R&amp;D+i departments and interface institutes of U.Porto.&quot;}\" data-sheets-userformat=\"{&quot;2&quot;:15233,&quot;3&quot;:{&quot;1&quot;:0},&quot;10&quot;:2,&quot;11&quot;:0,&quot;12&quot;:0,&quot;14&quot;:{&quot;1&quot;:2,&quot;2&quot;:0},&quot;15&quot;:&quot;Arial&quot;,&quot;16&quot;:11}\">\u00a0<\/span>[\/vc_column_text][\/vc_column_inner][vc_column_inner column_width_percent=&#8221;100&#8243; gutter_size=&#8221;3&#8243; overlay_alpha=&#8221;50&#8243; medium_width=&#8221;0&#8243; mobile_width=&#8221;0&#8243; shift_x=&#8221;0&#8243; shift_y=&#8221;0&#8243; shift_y_down=&#8221;0&#8243; z_index=&#8221;0&#8243; width=&#8221;1\/4&#8243; el_class=&#8221;padding-top-sm cloud-wrapper&#8221; link_to=&#8221;url:https%3A%2F%2Fforms.gle%2F37Bz4X96o1vEdEmAA|title:Programmes||&#8221;][vc_custom_heading heading_semantic=&#8221;h3&#8243; text_size=&#8221;h3&#8243; css_animation=&#8221;alpha-anim&#8221; el_class=&#8221;cloud-button&#8221;]\r\n<h3>inscrever-me<\/h3>\r\n[\/vc_custom_heading][vc_single_image media=&#8221;10654&#8243; media_width_percent=&#8221;100&#8243; el_class=&#8221;cloud_img&#8221;][vc_custom_heading heading_semantic=&#8221;h3&#8243; text_size=&#8221;h3&#8243; css_animation=&#8221;alpha-anim&#8221;]\r\n<h3>15 JUN 10h<\/h3>\r\n[\/vc_custom_heading][vc_custom_heading heading_semantic=&#8221;h3&#8243; text_size=&#8221;h3&#8243; css_animation=&#8221;alpha-anim&#8221;]\r\n<h3>Nelson Luciano<\/h3>\r\n[\/vc_custom_heading][vc_column_text]O Google Cloud tem como objetivo ajudar-te a crescer, atrav\u00e9s de especialistas em startups dedicados, cloud credits por dois anos (at\u00e9 100 mil d\u00f3lares\/ano) e orienta\u00e7\u00e3o dos engenheiros do Google[\/vc_column_text][\/vc_column_inner][vc_column_inner column_width_percent=&#8221;100&#8243; gutter_size=&#8221;3&#8243; overlay_alpha=&#8221;50&#8243; medium_width=&#8221;0&#8243; mobile_width=&#8221;0&#8243; shift_x=&#8221;0&#8243; shift_y=&#8221;0&#8243; shift_y_down=&#8221;0&#8243; z_index=&#8221;0&#8243; width=&#8221;1\/4&#8243; el_class=&#8221;padding-top-sm cloud-wrapper&#8221; link_to=&#8221;url:https%3A%2F%2Fforms.gle%2FN12bnvu9mAUtND1J7||target:%20_blank|&#8221;][vc_custom_heading heading_semantic=&#8221;h3&#8243; text_size=&#8221;h3&#8243; css_animation=&#8221;alpha-anim&#8221; el_class=&#8221;cloud-button&#8221;]\r\n<h3>inscrever-me<\/h3>\r\n[\/vc_custom_heading][vc_single_image media=&#8221;10650&#8243; media_width_percent=&#8221;100&#8243; el_class=&#8221;cloud_img&#8221;][vc_custom_heading heading_semantic=&#8221;h3&#8243; text_size=&#8221;h3&#8243; css_animation=&#8221;alpha-anim&#8221;]\r\n<h3>15 JUN 14h<\/h3>\r\n[\/vc_custom_heading][vc_custom_heading heading_semantic=&#8221;h3&#8243; text_size=&#8221;h3&#8243; css_animation=&#8221;alpha-anim&#8221;]\r\n<h3>In\u00eas Marques<\/h3>\r\n[\/vc_custom_heading][vc_column_text]A Microsoft pode ajudar-te de uma forma \u00fanica em todas as etapas da tua startup. S\u00f3 nos \u00faltimos dez anos, a Microsoft apoiou mais de 130 mil startups com acesso a tecnologia gratuita e, este ano, lan\u00e7ou Microsoft for Startups Founders Hub, uma plataforma global projetada para apoiar startups \u00e0 medida que constroem e escalam os neg\u00f3cios. A multinacional apoia milhares de founders com acesso a tecnologia gratuita, assist\u00eancia em marketing e atrav\u00e9s de um caminho simples para vender com a Microsoft.[\/vc_column_text][\/vc_column_inner][\/vc_row_inner][\/vc_column][vc_column column_width_percent=&#8221;100&#8243; overlay_alpha=&#8221;50&#8243; gutter_size=&#8221;3&#8243; medium_visibility=&#8221;yes&#8221; medium_width=&#8221;0&#8243; mobile_visibility=&#8221;yes&#8221; mobile_width=&#8221;0&#8243; shift_x=&#8221;0&#8243; shift_y=&#8221;0&#8243; shift_y_down=&#8221;0&#8243; z_index=&#8221;0&#8243; width=&#8221;2\/12&#8243;][\/vc_column][\/vc_row][vc_row unlock_row_content=&#8221;yes&#8221; row_height_percent=&#8221;0&#8243; override_padding=&#8221;yes&#8221; h_padding=&#8221;0&#8243; top_padding=&#8221;0&#8243; bottom_padding=&#8221;0&#8243; overlay_alpha=&#8221;50&#8243; gutter_size=&#8221;0&#8243; column_width_percent=&#8221;100&#8243; shift_y=&#8221;0&#8243; z_index=&#8221;0&#8243; el_class=&#8221;margin-top-lg margin-bottom-lg&#8221;][vc_column width=&#8221;1\/1&#8243;][vc_row_inner][vc_column_inner width=&#8221;2\/12&#8243;][\/vc_column_inner][vc_column_inner column_width_percent=&#8221;100&#8243; gutter_size=&#8221;3&#8243; overlay_alpha=&#8221;50&#8243; medium_width=&#8221;0&#8243; mobile_width=&#8221;0&#8243; shift_x=&#8221;0&#8243; shift_y=&#8221;0&#8243; shift_y_down=&#8221;0&#8243; z_index=&#8221;0&#8243; width=&#8221;8\/12&#8243; el_class=&#8221;aplly_block&#8221;][vc_column_text css_animation=&#8221;alpha-anim&#8221;]\r\n<h5>Junta-te \u00e0 comunidade UPTEC.<\/h5>\r\n<p class=\"paragraph\">Subscreve a nossa newsletter mensal para receberes not\u00edcias em primeira m\u00e3o!<\/p>\r\n[\/vc_column_text][\/vc_column_inner][vc_column_inner width=&#8221;2\/12&#8243;][\/vc_column_inner][\/vc_row_inner][vc_raw_html]JTNDYSUyMGhyZWYlM0QlMjJodHRwcyUzQSUyRiUyRnVwdGVjLnVzMTUubGlzdC1tYW5hZ2UuY29tJTJGc3Vic2NyaWJlJTNGdSUzRDJmNDNmNjMzNjRmZmViYWI3NDQ2MTAzM2YlMjZpZCUzRDg2NjVkZjY1YTglMjIlMjBjbGFzcyUzRCUyMmpzLXZpc2l0LWFyZWElMjBtb3Rpb25fZWZmZWN0JTIyJTNFJTBBJTIwJTIwJTNDc3BhbiUyMGNsYXNzJTNEJTIydGV4dC1tYWluJTIwdXBwZXJjYXNlJTIyJTNFJTBBJTIwJTIwJTIwJTIwSm9pbiUyMHVzJTBBJTIwJTIwJTIwJTIwJTNDc3BhbiUyMGNsYXNzJTNEJTIyZ2xpdGNoX3RleHQlMjB1cHBlcmNhc2UlMjIlM0VKb2luJTIwdXMlM0MlMkZzcGFuJTNFJTBBJTIwJTIwJTNDJTJGc3BhbiUzRSUwQSUyMCUyMCUzQ2RpdiUyMGNsYXNzJTNEJTIyY2lyY2xlJTIyJTNFJTNDJTJGZGl2JTNFJTBBJTIwJTIwJTNDZGl2JTNFJTBBJTIwJTIwJTIwJTIwJTNDc3BhbiUyMGNsYXNzJTNEJTIydGV4dC1zdHJva2VkJTIwdXBwZXJjYXNlJTIyJTNFSm9pbiUyMHVzJTNDJTJGc3BhbiUzRSUwQSUyMCUyMCUyMCUyMCUzQ3NwYW4lMjBjbGFzcyUzRCUyMnRleHQtc3Ryb2tlZCUyMHVwcGVyY2FzZSUyMiUzRUpvaW4lMjB1cyUzQyUyRnNwYW4lM0UlMEElMjAlMjAlMjAlMjAlM0NzcGFuJTIwY2xhc3MlM0QlMjJ0ZXh0LXN0cm9rZWQlMjB1cHBlcmNhc2UlMjIlM0VKb2luJTIwdXMlM0MlMkZzcGFuJTNFJTBBJTIwJTIwJTNDJTJGZGl2JTNFJTBBJTNDJTJGYSUzRQ==[\/vc_raw_html][vc_empty_space empty_h=&#8221;3&#8243;][\/vc_column][\/vc_row][vc_row unlock_row_content=&#8221;yes&#8221; row_height_percent=&#8221;0&#8243; override_padding=&#8221;yes&#8221; h_padding=&#8221;0&#8243; top_padding=&#8221;0&#8243; bottom_padding=&#8221;0&#8243; overlay_alpha=&#8221;50&#8243; gutter_size=&#8221;0&#8243; column_width_percent=&#8221;100&#8243; shift_y=&#8221;0&#8243; z_index=&#8221;0&#8243; el_class=&#8221;announcements-footer&#8221;][vc_column width=&#8221;1\/1&#8243;][\/vc_column][\/vc_row]<\/div>","protected":false},"excerpt":{"rendered":"[vc_row unlock_row_content=&#8221;yes&#8221; row_height_percent=&#8221;0&#8243; override_padding=&#8221;yes&#8221; h_padding=&#8221;0&#8243; top_padding=&#8221;2&#8243; bottom_padding=&#8221;2&#8243; overlay_alpha=&#8221;50&#8243; gutter_size=&#8221;0&#8243; column_width_percent=&#8221;100&#8243; shift_y=&#8221;0&#8243; z_index=&#8221;0&#8243; el_class=&#8221;margin-top-md margin-bottom-md animated-parallax&#8221;][vc_column column_width_percent=&#8221;100&#8243; overlay_alpha=&#8221;50&#8243; gutter_size=&#8221;3&#8243; medium_visibility=&#8221;yes&#8221; medium_width=&#8221;0&#8243; [&hellip;]","protected":false},"author":1,"featured_media":0,"parent":0,"menu_order":0,"comment_status":"closed","ping_status":"closed","template":"","meta":{"footnotes":""},"class_list":["post-10642","page","type-page","status-publish","hentry"],"yoast_head":"<!-- This site is optimized with the Yoast SEO plugin v25.2 - https:\/\/yoast.com\/wordpress\/plugins\/seo\/ -->\n<title>UPTEC Cloud Days - UPTEC<\/title>\n<meta name=\"description\" content=\"UPTEC will host the CLOUD DAYS, an event that brings together Amazon, IBM, Google, and Microsoft\u00a0to show you the best cloud solutions for your business.\" \/>\n<meta name=\"robots\" content=\"noindex, follow, max-snippet:-1, max-image-preview:large, max-video-preview:-1\" \/>\n<meta property=\"og:locale\" content=\"pt_PT\" \/>\n<meta property=\"og:type\" content=\"article\" \/>\n<meta property=\"og:title\" content=\"UPTEC Cloud Days - UPTEC\" \/>\n<meta property=\"og:description\" content=\"UPTEC will host the CLOUD DAYS, an event that brings together Amazon, IBM, Google, and Microsoft\u00a0to show you the best cloud solutions for your business.\" \/>\n<meta property=\"og:url\" content=\"https:\/\/uptec.fera.miewstudio.com\/clouddays\/\" \/>\n<meta property=\"og:site_name\" content=\"UPTEC\" \/>\n<meta property=\"article:publisher\" content=\"https:\/\/www.facebook.com\/uptec\/\" \/>\n<meta property=\"article:modified_time\" content=\"2022-06-08T09:27:46+00:00\" \/>\n<meta name=\"twitter:card\" content=\"summary_large_image\" \/>\n<meta name=\"twitter:site\" content=\"@uptecporto\" \/>\n<meta name=\"twitter:label1\" content=\"Tempo estimado de leitura\" \/>\n\t<meta name=\"twitter:data1\" content=\"6 minutos\" \/>\n<script type=\"application\/ld+json\" class=\"yoast-schema-graph\">{\"@context\":\"https:\/\/schema.org\",\"@graph\":[{\"@type\":\"WebPage\",\"@id\":\"https:\/\/uptec.fera.miewstudio.com\/clouddays\/\",\"url\":\"https:\/\/uptec.fera.miewstudio.com\/clouddays\/\",\"name\":\"UPTEC Cloud Days - UPTEC\",\"isPartOf\":{\"@id\":\"https:\/\/uptec.fera.miewstudio.com\/#website\"},\"datePublished\":\"2022-06-07T15:27:48+00:00\",\"dateModified\":\"2022-06-08T09:27:46+00:00\",\"description\":\"UPTEC will host the CLOUD DAYS, an event that brings together Amazon, IBM, Google, and Microsoft\u00a0to show you the best cloud solutions for your business.\",\"breadcrumb\":{\"@id\":\"https:\/\/uptec.fera.miewstudio.com\/clouddays\/#breadcrumb\"},\"inLanguage\":\"pt-PT\",\"potentialAction\":[{\"@type\":\"ReadAction\",\"target\":[\"https:\/\/uptec.fera.miewstudio.com\/clouddays\/\"]}]},{\"@type\":\"BreadcrumbList\",\"@id\":\"https:\/\/uptec.fera.miewstudio.com\/clouddays\/#breadcrumb\",\"itemListElement\":[{\"@type\":\"ListItem\",\"position\":1,\"name\":\"Home\",\"item\":\"https:\/\/uptec.fera.miewstudio.com\/pt-pt\/\"},{\"@type\":\"ListItem\",\"position\":2,\"name\":\"UPTEC Cloud Days\"}]},{\"@type\":\"WebSite\",\"@id\":\"https:\/\/uptec.fera.miewstudio.com\/#website\",\"url\":\"https:\/\/uptec.fera.miewstudio.com\/\",\"name\":\"UPTEC\",\"description\":\"UPTEC is a community of people who want to use knowledge to create and develop better businesses for a better world.\",\"publisher\":{\"@id\":\"https:\/\/uptec.fera.miewstudio.com\/#organization\"},\"potentialAction\":[{\"@type\":\"SearchAction\",\"target\":{\"@type\":\"EntryPoint\",\"urlTemplate\":\"https:\/\/uptec.fera.miewstudio.com\/?s={search_term_string}\"},\"query-input\":{\"@type\":\"PropertyValueSpecification\",\"valueRequired\":true,\"valueName\":\"search_term_string\"}}],\"inLanguage\":\"pt-PT\"},{\"@type\":\"Organization\",\"@id\":\"https:\/\/uptec.fera.miewstudio.com\/#organization\",\"name\":\"UPTEC\",\"url\":\"https:\/\/uptec.fera.miewstudio.com\/\",\"logo\":{\"@type\":\"ImageObject\",\"inLanguage\":\"pt-PT\",\"@id\":\"https:\/\/uptec.fera.miewstudio.com\/#\/schema\/logo\/image\/\",\"url\":\"https:\/\/uptec.fera.miewstudio.com\/wp-content\/uploads\/2024\/10\/UPTEC-LOGO-BW.png\",\"contentUrl\":\"https:\/\/uptec.fera.miewstudio.com\/wp-content\/uploads\/2024\/10\/UPTEC-LOGO-BW.png\",\"width\":579,\"height\":300,\"caption\":\"UPTEC\"},\"image\":{\"@id\":\"https:\/\/uptec.fera.miewstudio.com\/#\/schema\/logo\/image\/\"},\"sameAs\":[\"https:\/\/www.facebook.com\/uptec\/\",\"https:\/\/x.com\/uptecporto\",\"https:\/\/www.instagram.com\/uptec_porto\/\",\"https:\/\/www.linkedin.com\/company\/uptecporto\/\",\"https:\/\/www.youtube.com\/channel\/UCOfVYvrz-zuKQAlTK62_-Yg\"]}]}<\/script>\n<!-- \/ Yoast SEO plugin. -->","yoast_head_json":{"title":"UPTEC Cloud Days - UPTEC","description":"UPTEC will host the CLOUD DAYS, an event that brings together Amazon, IBM, Google, and Microsoft\u00a0to show you the best cloud solutions for your business.","robots":{"index":"noindex","follow":"follow","max-snippet":"max-snippet:-1","max-image-preview":"max-image-preview:large","max-video-preview":"max-video-preview:-1"},"og_locale":"pt_PT","og_type":"article","og_title":"UPTEC Cloud Days - UPTEC","og_description":"UPTEC will host the CLOUD DAYS, an event that brings together Amazon, IBM, Google, and Microsoft\u00a0to show you the best cloud solutions for your business.","og_url":"https:\/\/uptec.fera.miewstudio.com\/clouddays\/","og_site_name":"UPTEC","article_publisher":"https:\/\/www.facebook.com\/uptec\/","article_modified_time":"2022-06-08T09:27:46+00:00","twitter_card":"summary_large_image","twitter_site":"@uptecporto","twitter_misc":{"Tempo estimado de leitura":"6 minutos"},"schema":{"@context":"https:\/\/schema.org","@graph":[{"@type":"WebPage","@id":"https:\/\/uptec.fera.miewstudio.com\/clouddays\/","url":"https:\/\/uptec.fera.miewstudio.com\/clouddays\/","name":"UPTEC Cloud Days - UPTEC","isPartOf":{"@id":"https:\/\/uptec.fera.miewstudio.com\/#website"},"datePublished":"2022-06-07T15:27:48+00:00","dateModified":"2022-06-08T09:27:46+00:00","description":"UPTEC will host the CLOUD DAYS, an event that brings together Amazon, IBM, Google, and Microsoft\u00a0to show you the best cloud solutions for your business.","breadcrumb":{"@id":"https:\/\/uptec.fera.miewstudio.com\/clouddays\/#breadcrumb"},"inLanguage":"pt-PT","potentialAction":[{"@type":"ReadAction","target":["https:\/\/uptec.fera.miewstudio.com\/clouddays\/"]}]},{"@type":"BreadcrumbList","@id":"https:\/\/uptec.fera.miewstudio.com\/clouddays\/#breadcrumb","itemListElement":[{"@type":"ListItem","position":1,"name":"Home","item":"https:\/\/uptec.fera.miewstudio.com\/pt-pt\/"},{"@type":"ListItem","position":2,"name":"UPTEC Cloud Days"}]},{"@type":"WebSite","@id":"https:\/\/uptec.fera.miewstudio.com\/#website","url":"https:\/\/uptec.fera.miewstudio.com\/","name":"UPTEC","description":"UPTEC is a community of people who want to use knowledge to create and develop better businesses for a better world.","publisher":{"@id":"https:\/\/uptec.fera.miewstudio.com\/#organization"},"potentialAction":[{"@type":"SearchAction","target":{"@type":"EntryPoint","urlTemplate":"https:\/\/uptec.fera.miewstudio.com\/?s={search_term_string}"},"query-input":{"@type":"PropertyValueSpecification","valueRequired":true,"valueName":"search_term_string"}}],"inLanguage":"pt-PT"},{"@type":"Organization","@id":"https:\/\/uptec.fera.miewstudio.com\/#organization","name":"UPTEC","url":"https:\/\/uptec.fera.miewstudio.com\/","logo":{"@type":"ImageObject","inLanguage":"pt-PT","@id":"https:\/\/uptec.fera.miewstudio.com\/#\/schema\/logo\/image\/","url":"https:\/\/uptec.fera.miewstudio.com\/wp-content\/uploads\/2024\/10\/UPTEC-LOGO-BW.png","contentUrl":"https:\/\/uptec.fera.miewstudio.com\/wp-content\/uploads\/2024\/10\/UPTEC-LOGO-BW.png","width":579,"height":300,"caption":"UPTEC"},"image":{"@id":"https:\/\/uptec.fera.miewstudio.com\/#\/schema\/logo\/image\/"},"sameAs":["https:\/\/www.facebook.com\/uptec\/","https:\/\/x.com\/uptecporto","https:\/\/www.instagram.com\/uptec_porto\/","https:\/\/www.linkedin.com\/company\/uptecporto\/","https:\/\/www.youtube.com\/channel\/UCOfVYvrz-zuKQAlTK62_-Yg"]}]}},"_links":{"self":[{"href":"https:\/\/uptec.fera.miewstudio.com\/pt-pt\/wp-json\/wp\/v2\/pages\/10642","targetHints":{"allow":["GET"]}}],"collection":[{"href":"https:\/\/uptec.fera.miewstudio.com\/pt-pt\/wp-json\/wp\/v2\/pages"}],"about":[{"href":"https:\/\/uptec.fera.miewstudio.com\/pt-pt\/wp-json\/wp\/v2\/types\/page"}],"author":[{"embeddable":true,"href":"https:\/\/uptec.fera.miewstudio.com\/pt-pt\/wp-json\/wp\/v2\/users\/1"}],"replies":[{"embeddable":true,"href":"https:\/\/uptec.fera.miewstudio.com\/pt-pt\/wp-json\/wp\/v2\/comments?post=10642"}],"version-history":[{"count":8,"href":"https:\/\/uptec.fera.miewstudio.com\/pt-pt\/wp-json\/wp\/v2\/pages\/10642\/revisions"}],"predecessor-version":[{"id":10673,"href":"https:\/\/uptec.fera.miewstudio.com\/pt-pt\/wp-json\/wp\/v2\/pages\/10642\/revisions\/10673"}],"wp:attachment":[{"href":"https:\/\/uptec.fera.miewstudio.com\/pt-pt\/wp-json\/wp\/v2\/media?parent=10642"}],"curies":[{"name":"wp","href":"https:\/\/api.w.org\/{rel}","templated":true}]}}