
{"id":12751,"date":"2023-01-02T14:27:56","date_gmt":"2023-01-02T14:27:56","guid":{"rendered":"https:\/\/uptec.up.pt\/?page_id=12751"},"modified":"2023-01-27T13:53:25","modified_gmt":"2023-01-27T13:53:25","slug":"investors-day2023","status":"publish","type":"page","link":"https:\/\/uptec.fera.miewstudio.com\/pt-pt\/investors-day2023\/","title":{"rendered":"Investors Day"},"content":{"rendered":"<div class=\"wpb-content-wrapper\">[vc_row row_height_percent=&#8221;0&#8243; overlay_alpha=&#8221;50&#8243; gutter_size=&#8221;3&#8243; column_width_percent=&#8221;100&#8243; shift_y=&#8221;0&#8243; z_index=&#8221;0&#8243;][vc_column width=&#8221;1\/1&#8243;][vc_custom_heading heading_semantic=&#8221;h1&#8243; text_size=&#8221;&#8221;]O <span class=\"evento\">Investors Day<\/span>, evento organizado pela <span class=\"evento\">UPTEC<\/span>, reuniu cinco fundos de investimneto: <a class=\"evento\" href=\"https:\/\/www.armilar.com\/\" target=\"_blank\" rel=\"noopener noreferrer\">Armilar<\/a>, <a class=\"evento\" href=\"https:\/\/www.bynd.vc\/en\" target=\"_blank\" rel=\"noopener noreferrer\">Bynd<\/a>, <a class=\"evento\" href=\"https:\/\/https:\/\/brpx.com\" target=\"_blank\" rel=\"noopener noreferrer\">Bright Pixel<\/a>, <a class=\"evento\" href=\"https:\/\/www.indicocapital.com\/\" target=\"_blank\" rel=\"noopener noreferrer\">Indico<\/a>\u00a0and <a class=\"evento\" href=\"https:\/\/semapanext.com\/\" target=\"_blank\" rel=\"noopener noreferrer\">Semapa Next,<\/a>\u00a0e cerca de <span class=\"evento\">40 empreendedores <\/span> \u00e0 procura de oportunidades de investimento. Um debate \u2013 onde os investidores falaram sobre os erros que veem os fundadores cometer e os livros que recomendam que leiam \u2013, uma sess\u00e3o de pitch de startups, e mais de <span class=\"evento\">25 reuni\u00f5es bilaterais<\/span> foram os pontos altos do Investors Day.[\/vc_custom_heading][\/vc_column][\/vc_row][vc_row row_height_percent=&#8221;0&#8243; override_padding=&#8221;yes&#8221; h_padding=&#8221;0&#8243; top_padding=&#8221;2&#8243; bottom_padding=&#8221;2&#8243; overlay_alpha=&#8221;50&#8243; gutter_size=&#8221;0&#8243; column_width_percent=&#8221;100&#8243; shift_y=&#8221;0&#8243; z_index=&#8221;0&#8243; el_class=&#8221;margin-top-md margin-bottom-md&#8221;][vc_column width=&#8221;1\/6&#8243;][\/vc_column][vc_column column_width_percent=&#8221;100&#8243; overlay_alpha=&#8221;50&#8243; gutter_size=&#8221;3&#8243; medium_width=&#8221;0&#8243; mobile_width=&#8221;0&#8243; shift_x=&#8221;0&#8243; shift_y=&#8221;0&#8243; shift_y_down=&#8221;0&#8243; z_index=&#8221;0&#8243; width=&#8221;4\/6&#8243;][vc_single_image media=&#8221;12913&#8243; media_width_percent=&#8221;100&#8243; alignment=&#8221;center&#8221;][\/vc_column][vc_column width=&#8221;1\/6&#8243;][\/vc_column][\/vc_row][vc_row row_height_percent=&#8221;0&#8243; overlay_alpha=&#8221;50&#8243; gutter_size=&#8221;3&#8243; column_width_percent=&#8221;100&#8243; shift_y=&#8221;0&#8243; z_index=&#8221;0&#8243;][vc_column width=&#8221;1\/1&#8243;][vc_custom_heading text_size=&#8221;&#8221; el_class=&#8221;heading2&#8243;]<span class=\"evento\">fotos<\/span>[\/vc_custom_heading][vc_gallery el_id=&#8221;gallery-216622&#8243; medias=&#8221;13132,13130,13128,13126,13124,13122,13120,13118,13116,13114,13112,13110,13108,13106,13104,13102,13100,13098,13096,13094,13092,13090,13088,13086,13084,13082,13080,13078,13076,13074,13072,13070,13068,13066,13064,13062,13060,13058,13056,13054,13052,13050,13048,13046,13044,13042,13040,13038,13036,13034,13032,13030,13028,13026,13024,13022,13020,13018,13016,13014,13012,13010,13008,13006,13004&#8243; explode_albums=&#8221;yes&#8221; gutter_size=&#8221;2&#8243; screen_lg=&#8221;1000&#8243; screen_md=&#8221;600&#8243; screen_sm=&#8221;480&#8243; single_width=&#8221;3&#8243; single_overlay_opacity=&#8221;50&#8243; single_padding=&#8221;2&#8243; no_double_tap=&#8221;yes&#8221;][\/vc_column][\/vc_row][vc_row row_height_percent=&#8221;0&#8243; overlay_alpha=&#8221;50&#8243; gutter_size=&#8221;3&#8243; column_width_percent=&#8221;100&#8243; desktop_visibility=&#8221;yes&#8221; medium_visibility=&#8221;yes&#8221; mobile_visibility=&#8221;yes&#8221; shift_y=&#8221;0&#8243; z_index=&#8221;0&#8243;][vc_column width=&#8221;1\/1&#8243;][vc_column_text el_class=&#8221;news_subscrive&#8221;]\r\n<h3 style=\"text-align: left\"><a href=\"https:\/\/www.armilar.com\">Armilar<\/a><\/h3>\r\n[\/vc_column_text][vc_column_text]\r\n<h3>\u00c1rea(s) de interesse: projetos com centralidade em dados, digitaliza\u00e7\u00e3o ou conectividade\r\nEst\u00e1gio para investimento: Early stage\r\nTickets: m\u00ednimo de \u20ac500k\r\nCrit\u00e9rios de investimento:\u00a0Seed apenas em Portugal e Espanha; Series A na Europa<\/h3>\r\n[\/vc_column_text][\/vc_column][\/vc_row][vc_row row_height_percent=&#8221;0&#8243; overlay_alpha=&#8221;50&#8243; gutter_size=&#8221;3&#8243; column_width_percent=&#8221;100&#8243; desktop_visibility=&#8221;yes&#8221; medium_visibility=&#8221;yes&#8221; mobile_visibility=&#8221;yes&#8221; shift_y=&#8221;0&#8243; z_index=&#8221;0&#8243;][vc_column width=&#8221;1\/1&#8243;][vc_empty_space empty_h=&#8221;2&#8243;][vc_column_text el_class=&#8221;news_subscrive&#8221;]\r\n<h3 style=\"text-align: left\"><a href=\"https:\/\/brpx.com\">Bright Pixel<\/a><\/h3>\r\n[\/vc_column_text][vc_column_text]\r\n<h3>\u00c1rea(s) de interesse: retalho, ciberseguran\u00e7a e infraestruturas digitais\r\nEst\u00e1gio para investimento: Seed e Early Stage, Growth e Buy-out\r\nTickets: m\u00ednimo de \u20ac500k\r\nCrit\u00e9rios de investimento:\u00a0Projetos com forte diferencia\u00e7\u00e3o tecnol\u00f3gica que desenvolvam software para B2B<\/h3>\r\n[\/vc_column_text][\/vc_column][\/vc_row][vc_row row_height_percent=&#8221;0&#8243; overlay_alpha=&#8221;50&#8243; gutter_size=&#8221;3&#8243; column_width_percent=&#8221;100&#8243; desktop_visibility=&#8221;yes&#8221; medium_visibility=&#8221;yes&#8221; mobile_visibility=&#8221;yes&#8221; shift_y=&#8221;0&#8243; z_index=&#8221;0&#8243;][vc_column width=&#8221;1\/1&#8243;][vc_empty_space empty_h=&#8221;2&#8243;][vc_column_text el_class=&#8221;news_subscrive&#8221;]\r\n<h3 style=\"text-align: left\"><a href=\"https:\/\/www.indicocapital.com\">Indico<\/a><\/h3>\r\n[\/vc_column_text][vc_column_text]\r\n<h3>\u00c1rea(s) de interesse: Web3, Artificial Intelligence (AI), big data, enterprise SaaS, fintech, IoT, robotics, security and privacy, mobility marketplaces, ocean-related\r\nEst\u00e1gio para investimento: Series A, B ou C\r\nTickets: \u20ac100k a \u20ac10M\r\nCrit\u00e9rios de investimento:\u00a0Enorme potencial de mercado<\/h3>\r\n[\/vc_column_text][\/vc_column][\/vc_row][vc_row row_height_percent=&#8221;0&#8243; overlay_alpha=&#8221;50&#8243; gutter_size=&#8221;3&#8243; column_width_percent=&#8221;100&#8243; desktop_visibility=&#8221;yes&#8221; medium_visibility=&#8221;yes&#8221; mobile_visibility=&#8221;yes&#8221; shift_y=&#8221;0&#8243; z_index=&#8221;0&#8243;][vc_column width=&#8221;1\/1&#8243;][vc_empty_space empty_h=&#8221;2&#8243;][vc_column_text el_class=&#8221;news_subscrive&#8221;]\r\n<h3 style=\"text-align: left\"><a href=\"https:\/\/semapanext.com\">Semapa Next<\/a><\/h3>\r\n[\/vc_column_text][vc_column_text]\r\n<h3>\u00c1rea(s) de interesse: foco generalista (Climate Tech, AI\/ML, Fintech, Health Tech, Cybersecurity, Sustainability, Blockchain, Prop Tech, etc.)\r\nEst\u00e1gio para investimento: Series A e B\r\nTickets: \u20ac3M a \u20ac5M\r\nCrit\u00e9rios de investimento:\u00a0\u00a0Receitas anuais superiores a \u20ac1M, crescimento YoY superior 2.5x, bons\u00a0unit economics\u00a0(LTV\/CAC, margens, etc.)<\/h3>\r\n[\/vc_column_text][\/vc_column][\/vc_row][vc_row row_height_percent=&#8221;0&#8243; overlay_alpha=&#8221;50&#8243; gutter_size=&#8221;3&#8243; column_width_percent=&#8221;100&#8243; desktop_visibility=&#8221;yes&#8221; medium_visibility=&#8221;yes&#8221; mobile_visibility=&#8221;yes&#8221; shift_y=&#8221;0&#8243; z_index=&#8221;0&#8243;][vc_column width=&#8221;1\/1&#8243;][vc_empty_space empty_h=&#8221;2&#8243;][vc_column_text el_class=&#8221;news_subscrive&#8221;]\r\n<h3 style=\"text-align: left\"><a href=\"https:\/\/www.bynd.vc\/en\">Bynd<\/a><\/h3>\r\n[\/vc_column_text][vc_column_text]\r\n<h3>Est\u00e1gio para investimento: Seed e Early Stage\r\nCrit\u00e9rios de investimento: Projetos com presen\u00e7a na Pen\u00ednsula Ib\u00e9rica e com MVP<\/h3>\r\n[\/vc_column_text][\/vc_column][\/vc_row][vc_row row_height_percent=&#8221;0&#8243; override_padding=&#8221;yes&#8221; h_padding=&#8221;0&#8243; top_padding=&#8221;2&#8243; bottom_padding=&#8221;2&#8243; overlay_alpha=&#8221;50&#8243; gutter_size=&#8221;0&#8243; column_width_percent=&#8221;100&#8243; desktop_visibility=&#8221;yes&#8221; medium_visibility=&#8221;yes&#8221; mobile_visibility=&#8221;yes&#8221; shift_y=&#8221;0&#8243; z_index=&#8221;0&#8243; el_class=&#8221;margin-top-md margin-bottom-md&#8221;][vc_column width=&#8221;1\/6&#8243;][\/vc_column][vc_column column_width_percent=&#8221;100&#8243; overlay_alpha=&#8221;50&#8243; gutter_size=&#8221;3&#8243; medium_width=&#8221;0&#8243; mobile_width=&#8221;0&#8243; shift_x=&#8221;0&#8243; shift_y=&#8221;0&#8243; shift_y_down=&#8221;0&#8243; z_index=&#8221;0&#8243; width=&#8221;4\/6&#8243;][vc_column_text el_class=&#8221;news_subscrive&#8221;]\r\n<h2><a href=\"https:\/\/forms.gle\/5fruRuUwyfgk7bWG9\">Inscri\u00e7\u00f5es<\/a><\/h2>\r\n[\/vc_column_text][\/vc_column][vc_column width=&#8221;1\/6&#8243;][\/vc_column][\/vc_row][vc_row row_height_percent=&#8221;0&#8243; overlay_alpha=&#8221;50&#8243; gutter_size=&#8221;3&#8243; column_width_percent=&#8221;100&#8243; shift_y=&#8221;0&#8243; z_index=&#8221;0&#8243; el_class=&#8221;keep_touch&#8221;][vc_column width=&#8221;1\/1&#8243;][vc_custom_heading text_size=&#8221;&#8221; el_class=&#8221;heading2&#8243;]Em contacto[\/vc_custom_heading][vc_row_inner][vc_column_inner width=&#8221;1\/4&#8243;][\/vc_column_inner][vc_column_inner width=&#8221;1\/2&#8243;][vc_column_text el_class=&#8221;news_subscrive&#8221;]<a href=\"https:\/\/uptec.us15.list-manage.com\/subscribe\/post?u=2f43f63364ffebab74461033f&amp;id=5430d4fb35\">Subscreve a nossa newsletter<\/a>[\/vc_column_text][vc_raw_html]JTNDJTIxLS0lMjBCZWdpbiUyME1haWxjaGltcCUyMFNpZ251cCUyMEZvcm0lMjAtLSUzRSUwQSUzQ2xpbmslMjBocmVmJTNEJTIyJTJGJTJGY2RuLWltYWdlcy5tYWlsY2hpbXAuY29tJTJGZW1iZWRjb2RlJTJGaG9yaXpvbnRhbC1zbGltLTEwXzcuY3NzJTIyJTIwcmVsJTNEJTIyc3R5bGVzaGVldCUyMiUyMHR5cGUlM0QlMjJ0ZXh0JTJGY3NzJTIyJTNFJTBBJTNDc3R5bGUlMjB0eXBlJTNEJTIydGV4dCUyRmNzcyUyMiUzRSUwQSUwOSUyM21jX2VtYmVkX3NpZ251cCU3QmJhY2tncm91bmQlM0ElMjMlMjMwNGVjMWYlM0IlMjBjbGVhciUzQWxlZnQlM0IlMjBmb250JTNBMTRweCUyMEhlbHZldGljYSUyQ0FyaWFsJTJDc2Fucy1zZXJpZiUzQiUyMHdpZHRoJTNBMTAwJTI1JTNCJTdEJTBBJTA5JTJGJTJBJTIwQWRkJTIweW91ciUyMG93biUyME1haWxjaGltcCUyMGZvcm0lMjBzdHlsZSUyMG92ZXJyaWRlcyUyMGluJTIweW91ciUyMHNpdGUlMjBzdHlsZXNoZWV0JTIwb3IlMjBpbiUyMHRoaXMlMjBzdHlsZSUyMGJsb2NrLiUwQSUwOSUyMCUyMCUyMFdlJTIwcmVjb21tZW5kJTIwbW92aW5nJTIwdGhpcyUyMGJsb2NrJTIwYW5kJTIwdGhlJTIwcHJlY2VkaW5nJTIwQ1NTJTIwbGluayUyMHRvJTIwdGhlJTIwSEVBRCUyMG9mJTIweW91ciUyMEhUTUwlMjBmaWxlLiUyMCUyQSUyRiUwQSUzQyUyRnN0eWxlJTNFJTBBJTNDc3R5bGUlMjB0eXBlJTNEJTIydGV4dCUyRmNzcyUyMiUzRSUwQSUwOSUyM21jLWVtYmVkZGVkLXN1YnNjcmliZS1mb3JtJTIwaW5wdXQlNUJ0eXBlJTNEY2hlY2tib3glNUQlN0JkaXNwbGF5JTNBJTIwaW5saW5lJTNCJTIwd2lkdGglM0ElMjBhdXRvJTNCbWFyZ2luLXJpZ2h0JTNBJTIwMTBweCUzQiU3RCUwQSUwOSUyM21lcmdlUm93LWdkcHIlMjAlN0JtYXJnaW4tdG9wJTNBJTIwMjBweCUzQiU3RCUwQSUwOSUyM21lcmdlUm93LWdkcHIlMjBmaWVsZHNldCUyMGxhYmVsJTIwJTdCZm9udC13ZWlnaHQlM0ElMjBub3JtYWwlM0IlN0QlMEElMDklMjNtYy1lbWJlZGRlZC1zdWJzY3JpYmUtZm9ybSUyMC5tY19maWVsZHNldCU3QmJvcmRlciUzQW5vbmUlM0JtaW4taGVpZ2h0JTNBJTIwMHB4JTNCcGFkZGluZy1ib3R0b20lM0EwcHglM0IlN0QlMEElM0MlMkZzdHlsZSUzRSUwQSUzQ2RpdiUyMGlkJTNEJTIybWNfZW1iZWRfc2lnbnVwJTIyJTNFJTBBJTNDZm9ybSUyMGFjdGlvbiUzRCUyMmh0dHBzJTNBJTJGJTJGdXB0ZWMudXMxNS5saXN0LW1hbmFnZS5jb20lMkZzdWJzY3JpYmUlMkZwb3N0JTNGdSUzRDJmNDNmNjMzNjRmZmViYWI3NDQ2MTAzM2YlMjZpZCUzRDU0MzBkNGZiMzUlMjIlMjBtZXRob2QlM0QlMjJwb3N0JTIyJTIwaWQlM0QlMjJtYy1lbWJlZGRlZC1zdWJzY3JpYmUtZm9ybSUyMiUyMG5hbWUlM0QlMjJtYy1lbWJlZGRlZC1zdWJzY3JpYmUtZm9ybSUyMiUyMGNsYXNzJTNEJTIydmFsaWRhdGUlMjIlMjB0YXJnZXQlM0QlMjJfYmxhbmslMjIlMjBub3ZhbGlkYXRlJTNFJTBBJTIwJTIwJTIwJTIwJTNDZGl2JTIwaWQlM0QlMjJtY19lbWJlZF9zaWdudXBfc2Nyb2xsJTIyJTNF[\/vc_raw_html][\/vc_column_inner][vc_column_inner width=&#8221;1\/4&#8243;][\/vc_column_inner][\/vc_row_inner][\/vc_column][\/vc_row]<\/div>","protected":false},"excerpt":{"rendered":"Organizado pela UPTEC, o Investors Day vai reunir cinco fundos de investimento e empreendedores \u00e0 procura de oportunidades de investimento. ","protected":false},"author":4,"featured_media":12913,"parent":0,"menu_order":0,"comment_status":"closed","ping_status":"closed","template":"","meta":{"footnotes":""},"class_list":["post-12751","page","type-page","status-publish","has-post-thumbnail","hentry"],"yoast_head":"<!-- This site is optimized with the Yoast SEO plugin v25.2 - https:\/\/yoast.com\/wordpress\/plugins\/seo\/ -->\n<title>Investors Day - UPTEC<\/title>\n<meta name=\"description\" content=\"Organizado pela UPTEC, o Investors Day vai reunir cinco fundos de investimento e empreendedores \u00e0 procura de oportunidades de investimento.\" \/>\n<meta name=\"robots\" content=\"noindex, follow, max-snippet:-1, max-image-preview:large, max-video-preview:-1\" \/>\n<meta property=\"og:locale\" content=\"pt_PT\" \/>\n<meta property=\"og:type\" content=\"article\" \/>\n<meta property=\"og:title\" content=\"Investors Day - UPTEC\" \/>\n<meta property=\"og:description\" content=\"Organizado pela UPTEC, o Investors Day vai reunir cinco fundos de investimento e empreendedores \u00e0 procura de oportunidades de investimento.\" \/>\n<meta property=\"og:url\" content=\"https:\/\/uptec.fera.miewstudio.com\/pt-pt\/investors-day2023\/\" \/>\n<meta property=\"og:site_name\" content=\"UPTEC\" \/>\n<meta property=\"article:publisher\" content=\"https:\/\/www.facebook.com\/uptec\/\" \/>\n<meta property=\"article:modified_time\" content=\"2023-01-27T13:53:25+00:00\" \/>\n<meta property=\"og:image\" content=\"https:\/\/uptec.fera.miewstudio.com\/wp-content\/uploads\/2023\/01\/INVESTORS-DAY_-banner-15-years.png\" \/>\n\t<meta property=\"og:image:width\" content=\"1921\" \/>\n\t<meta property=\"og:image:height\" content=\"1081\" \/>\n\t<meta property=\"og:image:type\" content=\"image\/png\" \/>\n<meta name=\"twitter:card\" content=\"summary_large_image\" \/>\n<meta name=\"twitter:site\" content=\"@uptecporto\" \/>\n<meta name=\"twitter:label1\" content=\"Tempo estimado de leitura\" \/>\n\t<meta name=\"twitter:data1\" content=\"5 minutos\" \/>\n<script type=\"application\/ld+json\" class=\"yoast-schema-graph\">{\"@context\":\"https:\/\/schema.org\",\"@graph\":[{\"@type\":\"WebPage\",\"@id\":\"https:\/\/uptec.fera.miewstudio.com\/pt-pt\/investors-day2023\/\",\"url\":\"https:\/\/uptec.fera.miewstudio.com\/pt-pt\/investors-day2023\/\",\"name\":\"Investors Day - UPTEC\",\"isPartOf\":{\"@id\":\"https:\/\/uptec.fera.miewstudio.com\/#website\"},\"primaryImageOfPage\":{\"@id\":\"https:\/\/uptec.fera.miewstudio.com\/pt-pt\/investors-day2023\/#primaryimage\"},\"image\":{\"@id\":\"https:\/\/uptec.fera.miewstudio.com\/pt-pt\/investors-day2023\/#primaryimage\"},\"thumbnailUrl\":\"https:\/\/uptec.fera.miewstudio.com\/wp-content\/uploads\/2023\/01\/INVESTORS-DAY_-banner-15-years.png\",\"datePublished\":\"2023-01-02T14:27:56+00:00\",\"dateModified\":\"2023-01-27T13:53:25+00:00\",\"description\":\"Organizado pela UPTEC, o Investors Day vai reunir cinco fundos de investimento e empreendedores \u00e0 procura de oportunidades de investimento.\",\"breadcrumb\":{\"@id\":\"https:\/\/uptec.fera.miewstudio.com\/pt-pt\/investors-day2023\/#breadcrumb\"},\"inLanguage\":\"pt-PT\",\"potentialAction\":[{\"@type\":\"ReadAction\",\"target\":[\"https:\/\/uptec.fera.miewstudio.com\/pt-pt\/investors-day2023\/\"]}]},{\"@type\":\"ImageObject\",\"inLanguage\":\"pt-PT\",\"@id\":\"https:\/\/uptec.fera.miewstudio.com\/pt-pt\/investors-day2023\/#primaryimage\",\"url\":\"https:\/\/uptec.fera.miewstudio.com\/wp-content\/uploads\/2023\/01\/INVESTORS-DAY_-banner-15-years.png\",\"contentUrl\":\"https:\/\/uptec.fera.miewstudio.com\/wp-content\/uploads\/2023\/01\/INVESTORS-DAY_-banner-15-years.png\",\"width\":1921,\"height\":1081},{\"@type\":\"BreadcrumbList\",\"@id\":\"https:\/\/uptec.fera.miewstudio.com\/pt-pt\/investors-day2023\/#breadcrumb\",\"itemListElement\":[{\"@type\":\"ListItem\",\"position\":1,\"name\":\"Home\",\"item\":\"https:\/\/uptec.fera.miewstudio.com\/pt-pt\/\"},{\"@type\":\"ListItem\",\"position\":2,\"name\":\"Investors Day\"}]},{\"@type\":\"WebSite\",\"@id\":\"https:\/\/uptec.fera.miewstudio.com\/#website\",\"url\":\"https:\/\/uptec.fera.miewstudio.com\/\",\"name\":\"UPTEC\",\"description\":\"UPTEC is a community of people who want to use knowledge to create and develop better businesses for a better world.\",\"publisher\":{\"@id\":\"https:\/\/uptec.fera.miewstudio.com\/#organization\"},\"potentialAction\":[{\"@type\":\"SearchAction\",\"target\":{\"@type\":\"EntryPoint\",\"urlTemplate\":\"https:\/\/uptec.fera.miewstudio.com\/?s={search_term_string}\"},\"query-input\":{\"@type\":\"PropertyValueSpecification\",\"valueRequired\":true,\"valueName\":\"search_term_string\"}}],\"inLanguage\":\"pt-PT\"},{\"@type\":\"Organization\",\"@id\":\"https:\/\/uptec.fera.miewstudio.com\/#organization\",\"name\":\"UPTEC\",\"url\":\"https:\/\/uptec.fera.miewstudio.com\/\",\"logo\":{\"@type\":\"ImageObject\",\"inLanguage\":\"pt-PT\",\"@id\":\"https:\/\/uptec.fera.miewstudio.com\/#\/schema\/logo\/image\/\",\"url\":\"https:\/\/uptec.fera.miewstudio.com\/wp-content\/uploads\/2024\/10\/UPTEC-LOGO-BW.png\",\"contentUrl\":\"https:\/\/uptec.fera.miewstudio.com\/wp-content\/uploads\/2024\/10\/UPTEC-LOGO-BW.png\",\"width\":579,\"height\":300,\"caption\":\"UPTEC\"},\"image\":{\"@id\":\"https:\/\/uptec.fera.miewstudio.com\/#\/schema\/logo\/image\/\"},\"sameAs\":[\"https:\/\/www.facebook.com\/uptec\/\",\"https:\/\/x.com\/uptecporto\",\"https:\/\/www.instagram.com\/uptec_porto\/\",\"https:\/\/www.linkedin.com\/company\/uptecporto\/\",\"https:\/\/www.youtube.com\/channel\/UCOfVYvrz-zuKQAlTK62_-Yg\"]}]}<\/script>\n<!-- \/ Yoast SEO plugin. -->","yoast_head_json":{"title":"Investors Day - UPTEC","description":"Organizado pela UPTEC, o Investors Day vai reunir cinco fundos de investimento e empreendedores \u00e0 procura de oportunidades de investimento.","robots":{"index":"noindex","follow":"follow","max-snippet":"max-snippet:-1","max-image-preview":"max-image-preview:large","max-video-preview":"max-video-preview:-1"},"og_locale":"pt_PT","og_type":"article","og_title":"Investors Day - UPTEC","og_description":"Organizado pela UPTEC, o Investors Day vai reunir cinco fundos de investimento e empreendedores \u00e0 procura de oportunidades de investimento.","og_url":"https:\/\/uptec.fera.miewstudio.com\/pt-pt\/investors-day2023\/","og_site_name":"UPTEC","article_publisher":"https:\/\/www.facebook.com\/uptec\/","article_modified_time":"2023-01-27T13:53:25+00:00","og_image":[{"width":1921,"height":1081,"url":"https:\/\/uptec.fera.miewstudio.com\/wp-content\/uploads\/2023\/01\/INVESTORS-DAY_-banner-15-years.png","type":"image\/png"}],"twitter_card":"summary_large_image","twitter_site":"@uptecporto","twitter_misc":{"Tempo estimado de leitura":"5 minutos"},"schema":{"@context":"https:\/\/schema.org","@graph":[{"@type":"WebPage","@id":"https:\/\/uptec.fera.miewstudio.com\/pt-pt\/investors-day2023\/","url":"https:\/\/uptec.fera.miewstudio.com\/pt-pt\/investors-day2023\/","name":"Investors Day - UPTEC","isPartOf":{"@id":"https:\/\/uptec.fera.miewstudio.com\/#website"},"primaryImageOfPage":{"@id":"https:\/\/uptec.fera.miewstudio.com\/pt-pt\/investors-day2023\/#primaryimage"},"image":{"@id":"https:\/\/uptec.fera.miewstudio.com\/pt-pt\/investors-day2023\/#primaryimage"},"thumbnailUrl":"https:\/\/uptec.fera.miewstudio.com\/wp-content\/uploads\/2023\/01\/INVESTORS-DAY_-banner-15-years.png","datePublished":"2023-01-02T14:27:56+00:00","dateModified":"2023-01-27T13:53:25+00:00","description":"Organizado pela UPTEC, o Investors Day vai reunir cinco fundos de investimento e empreendedores \u00e0 procura de oportunidades de investimento.","breadcrumb":{"@id":"https:\/\/uptec.fera.miewstudio.com\/pt-pt\/investors-day2023\/#breadcrumb"},"inLanguage":"pt-PT","potentialAction":[{"@type":"ReadAction","target":["https:\/\/uptec.fera.miewstudio.com\/pt-pt\/investors-day2023\/"]}]},{"@type":"ImageObject","inLanguage":"pt-PT","@id":"https:\/\/uptec.fera.miewstudio.com\/pt-pt\/investors-day2023\/#primaryimage","url":"https:\/\/uptec.fera.miewstudio.com\/wp-content\/uploads\/2023\/01\/INVESTORS-DAY_-banner-15-years.png","contentUrl":"https:\/\/uptec.fera.miewstudio.com\/wp-content\/uploads\/2023\/01\/INVESTORS-DAY_-banner-15-years.png","width":1921,"height":1081},{"@type":"BreadcrumbList","@id":"https:\/\/uptec.fera.miewstudio.com\/pt-pt\/investors-day2023\/#breadcrumb","itemListElement":[{"@type":"ListItem","position":1,"name":"Home","item":"https:\/\/uptec.fera.miewstudio.com\/pt-pt\/"},{"@type":"ListItem","position":2,"name":"Investors Day"}]},{"@type":"WebSite","@id":"https:\/\/uptec.fera.miewstudio.com\/#website","url":"https:\/\/uptec.fera.miewstudio.com\/","name":"UPTEC","description":"UPTEC is a community of people who want to use knowledge to create and develop better businesses for a better world.","publisher":{"@id":"https:\/\/uptec.fera.miewstudio.com\/#organization"},"potentialAction":[{"@type":"SearchAction","target":{"@type":"EntryPoint","urlTemplate":"https:\/\/uptec.fera.miewstudio.com\/?s={search_term_string}"},"query-input":{"@type":"PropertyValueSpecification","valueRequired":true,"valueName":"search_term_string"}}],"inLanguage":"pt-PT"},{"@type":"Organization","@id":"https:\/\/uptec.fera.miewstudio.com\/#organization","name":"UPTEC","url":"https:\/\/uptec.fera.miewstudio.com\/","logo":{"@type":"ImageObject","inLanguage":"pt-PT","@id":"https:\/\/uptec.fera.miewstudio.com\/#\/schema\/logo\/image\/","url":"https:\/\/uptec.fera.miewstudio.com\/wp-content\/uploads\/2024\/10\/UPTEC-LOGO-BW.png","contentUrl":"https:\/\/uptec.fera.miewstudio.com\/wp-content\/uploads\/2024\/10\/UPTEC-LOGO-BW.png","width":579,"height":300,"caption":"UPTEC"},"image":{"@id":"https:\/\/uptec.fera.miewstudio.com\/#\/schema\/logo\/image\/"},"sameAs":["https:\/\/www.facebook.com\/uptec\/","https:\/\/x.com\/uptecporto","https:\/\/www.instagram.com\/uptec_porto\/","https:\/\/www.linkedin.com\/company\/uptecporto\/","https:\/\/www.youtube.com\/channel\/UCOfVYvrz-zuKQAlTK62_-Yg"]}]}},"_links":{"self":[{"href":"https:\/\/uptec.fera.miewstudio.com\/pt-pt\/wp-json\/wp\/v2\/pages\/12751","targetHints":{"allow":["GET"]}}],"collection":[{"href":"https:\/\/uptec.fera.miewstudio.com\/pt-pt\/wp-json\/wp\/v2\/pages"}],"about":[{"href":"https:\/\/uptec.fera.miewstudio.com\/pt-pt\/wp-json\/wp\/v2\/types\/page"}],"author":[{"embeddable":true,"href":"https:\/\/uptec.fera.miewstudio.com\/pt-pt\/wp-json\/wp\/v2\/users\/4"}],"replies":[{"embeddable":true,"href":"https:\/\/uptec.fera.miewstudio.com\/pt-pt\/wp-json\/wp\/v2\/comments?post=12751"}],"version-history":[{"count":11,"href":"https:\/\/uptec.fera.miewstudio.com\/pt-pt\/wp-json\/wp\/v2\/pages\/12751\/revisions"}],"predecessor-version":[{"id":13135,"href":"https:\/\/uptec.fera.miewstudio.com\/pt-pt\/wp-json\/wp\/v2\/pages\/12751\/revisions\/13135"}],"wp:featuredmedia":[{"embeddable":true,"href":"https:\/\/uptec.fera.miewstudio.com\/pt-pt\/wp-json\/wp\/v2\/media\/12913"}],"wp:attachment":[{"href":"https:\/\/uptec.fera.miewstudio.com\/pt-pt\/wp-json\/wp\/v2\/media?parent=12751"}],"curies":[{"name":"wp","href":"https:\/\/api.w.org\/{rel}","templated":true}]}}