
{"id":1463,"date":"2018-12-05T13:56:04","date_gmt":"2018-12-05T13:56:04","guid":{"rendered":"https:\/\/uptec.up.pt\/programmes\/"},"modified":"2024-05-17T18:07:35","modified_gmt":"2024-05-17T18:07:35","slug":"programmes","status":"publish","type":"page","link":"https:\/\/uptec.fera.miewstudio.com\/pt-pt\/programmes\/","title":{"rendered":"Programmes"},"content":{"rendered":"<div class=\"wpb-content-wrapper\">[vc_row unlock_row_content=&#8221;yes&#8221; row_height_percent=&#8221;0&#8243; override_padding=&#8221;yes&#8221; h_padding=&#8221;0&#8243; top_padding=&#8221;2&#8243; bottom_padding=&#8221;2&#8243; overlay_alpha=&#8221;50&#8243; gutter_size=&#8221;0&#8243; column_width_percent=&#8221;100&#8243; shift_y=&#8221;0&#8243; z_index=&#8221;0&#8243;][vc_column width=&#8221;1\/1&#8243;]<div class=\"programas_grid\"><figure class=\"programas_divs margin-top-lg\">\n\t\t\t\t\t<picture class=\"has_bg elements_animated top \" data-background-image=\"https:\/\/uptec.fera.miewstudio.com\/wp-content\/uploads\/2023\/11\/Build.ing_ClimateLaunchPad_Portuga_2.jpg\" >\n\t\t\t\t\t\t<div class=\"aspectRatioPlaceholder\" style=\"margin:auto;\">\n\t\t\t\t\t\t\t<div class=\"fill\" style=\"padding-bottom: 60.122699386503%\"><\/div>\n\t\t\t\t\t\t<\/div>\n\t\t\t\t\t<\/picture><!--\n\t\t\t\t\t--><figcaption class=\"elements_animated bottom\">\n\t\t\t\t\t\t<span >Ongoing<\/span>\n\t\t\t\t\t\t<h2 class=\"title uppercase text-stroked margin-bottom-sm\">ClimateLaunchpad<\/h2>\n\t\t\t\t\t\t<p class=\"bold\">EIT CLIMATE-KIC COMPETITION<br \/>\r\n<br \/>\r\nO ClimateLaunchpad \u00e9 a maior competi\u00e7\u00e3o de ideias de neg\u00f3cio \"verdes\" do mundo. O objetivo \u00e9 desbloquear o potencial de tecnologias limpas que tenham impacto no clima.<\/p>\n\t\t\t\t\t\t<a class=\"button-big\" href=\"http:\/\/climatelaunchpad.org\" target=\"_blank\">\n\t\t\t\t\t\t\t<svg viewBox=\"0 0 36 36\">\n\t\t\t\t\t\t\t\t<path stroke-dasharray=\"100, 100\" d=\"M18 2.0845 a 15.9155 15.9155 0 0 1 0 31.831 a 15.9155 15.9155 0 0 1 0 -31.831\"\/>\n\t\t\t\t\t\t\t<\/svg>\n\t\t\t\t\t\t\t<span>Saber mais<\/span>\n\t\t\t\t\t\t<\/a>\n\t\t\t\t\t<\/figcaption>\n\t\t\t\t<\/figure><figure class=\"programas_divs margin-top-lg\">\n\t\t\t\t\t<picture class=\"has_bg elements_animated top \" data-background-image=\"https:\/\/uptec.fera.miewstudio.com\/wp-content\/uploads\/2023\/07\/Escola-De-Startups-2023-UPTEC-2.jpg\" >\n\t\t\t\t\t\t<div class=\"aspectRatioPlaceholder\" style=\"margin:auto;\">\n\t\t\t\t\t\t\t<div class=\"fill\" style=\"padding-bottom: 60.122699386503%\"><\/div>\n\t\t\t\t\t\t<\/div>\n\t\t\t\t\t<\/picture><!--\n\t\t\t\t\t--><figcaption class=\"elements_animated bottom\">\n\t\t\t\t\t\t<span >2024<\/span>\n\t\t\t\t\t\t<h2 class=\"title uppercase text-stroked margin-bottom-sm\">Escola de Startups<\/h2>\n\t\t\t\t\t\t<p class=\"bold\">UPTEC ENTREPRENEURSHIP PROGRAMME<br \/>\r\n<br \/>\r\nA Escola de Startups \u00e9 um programa de acelera\u00e7\u00e3o de ideias de neg\u00f3cio, pensado para preparar empreendedores para os desafios de criar e desenvolver um novo projeto.<\/p>\n\t\t\t\t\t\t<a class=\"button-big\" href=\"http:\/\/escoladestartups.org\" target=\"_blank\">\n\t\t\t\t\t\t\t<svg viewBox=\"0 0 36 36\">\n\t\t\t\t\t\t\t\t<path stroke-dasharray=\"100, 100\" d=\"M18 2.0845 a 15.9155 15.9155 0 0 1 0 31.831 a 15.9155 15.9155 0 0 1 0 -31.831\"\/>\n\t\t\t\t\t\t\t<\/svg>\n\t\t\t\t\t\t\t<span>Saber mais<\/span>\n\t\t\t\t\t\t<\/a>\n\t\t\t\t\t<\/figcaption>\n\t\t\t\t<\/figure><figure class=\"programas_divs margin-top-lg\">\n\t\t\t\t\t<picture class=\"has_bg elements_animated top \" data-background-image=\"https:\/\/uptec.fera.miewstudio.com\/wp-content\/uploads\/2024\/05\/UPTEC-E-AGORA_005.jpg\" >\n\t\t\t\t\t\t<div class=\"aspectRatioPlaceholder\" style=\"margin:auto;\">\n\t\t\t\t\t\t\t<div class=\"fill\" style=\"padding-bottom: 60.122699386503%\"><\/div>\n\t\t\t\t\t\t<\/div>\n\t\t\t\t\t<\/picture><!--\n\t\t\t\t\t--><figcaption class=\"elements_animated bottom\">\n\t\t\t\t\t\t<span >Ongoing<\/span>\n\t\t\t\t\t\t<h2 class=\"title uppercase text-stroked margin-bottom-sm\">HerFund<\/h2>\n\t\t\t\t\t\t<p class=\"bold\">EU FUNDED PROJECT<br \/>\r\n<br \/>\r\nO projeto HerFund pretende favorecer a partilha de conhecimento e sinergias entre atores de inova\u00e7\u00e3o, projetos e iniciativas existentes para apoiar a proxima gera\u00e7\u00e3o de startups, com \u00eanfase em empresas lideradas por mulheres e investidores conscientes do g\u00e9nero.<br \/>\r\n<br \/>\r\nPara saber mais sobre este projeto, por favor contacta imorgado@uptec.fera.miewstudio.com.<br \/>\r\n<\/p>\n\t\t\t\t\t\t<a class=\"button-big\" href=\"https:\/\/cordis.europa.eu\/project\/id\/101114167\" target=\"_blank\">\n\t\t\t\t\t\t\t<svg viewBox=\"0 0 36 36\">\n\t\t\t\t\t\t\t\t<path stroke-dasharray=\"100, 100\" d=\"M18 2.0845 a 15.9155 15.9155 0 0 1 0 31.831 a 15.9155 15.9155 0 0 1 0 -31.831\"\/>\n\t\t\t\t\t\t\t<\/svg>\n\t\t\t\t\t\t\t<span>Saber mais<\/span>\n\t\t\t\t\t\t<\/a>\n\t\t\t\t\t<\/figcaption>\n\t\t\t\t<\/figure><figure class=\"programas_divs margin-top-lg\">\n\t\t\t\t\t<picture class=\"has_bg elements_animated top \" data-background-image=\"https:\/\/uptec.fera.miewstudio.com\/wp-content\/uploads\/2024\/05\/MG_8728.jpg\" >\n\t\t\t\t\t\t<div class=\"aspectRatioPlaceholder\" style=\"margin:auto;\">\n\t\t\t\t\t\t\t<div class=\"fill\" style=\"padding-bottom: 60.122699386503%\"><\/div>\n\t\t\t\t\t\t<\/div>\n\t\t\t\t\t<\/picture><!--\n\t\t\t\t\t--><figcaption class=\"elements_animated bottom\">\n\t\t\t\t\t\t<span >Ongoing<\/span>\n\t\t\t\t\t\t<h2 class=\"title uppercase text-stroked margin-bottom-sm\">INNOV4LIFE<\/h2>\n\t\t\t\t\t\t<p class=\"bold\">EU COFUNDED PROJECT<br \/>\r\n<br \/>\r\nO INNOV4LIFE ser\u00e1 a primeira iniciativa a criar uma rede transfronteiri\u00e7a de LivingLabs especializados em sa\u00fade digital, e a disponibilizar servi\u00e7os de valida\u00e7\u00e3o em ambiente real, seguindo protocolos de base cient\u00edfica, de solu\u00e7\u00f5es digitais focadas nas dem\u00eancias e degenera\u00e7\u00e3o cognitiva.<br \/>\r\n<br \/>\r\nPara saber mais sobre este projeto, por favor contacta mmaldonaldo@uptec.fera.miewstudio.com.<\/p>\n\t\t\t\t\t\t<a class=\"button-big\" href=\"https:\/\/www.linkedin.com\/showcase\/innov4life\/\" target=\"_blank\">\n\t\t\t\t\t\t\t<svg viewBox=\"0 0 36 36\">\n\t\t\t\t\t\t\t\t<path stroke-dasharray=\"100, 100\" d=\"M18 2.0845 a 15.9155 15.9155 0 0 1 0 31.831 a 15.9155 15.9155 0 0 1 0 -31.831\"\/>\n\t\t\t\t\t\t\t<\/svg>\n\t\t\t\t\t\t\t<span>Saber mais<\/span>\n\t\t\t\t\t\t<\/a>\n\t\t\t\t\t<\/figcaption>\n\t\t\t\t<\/figure><figure class=\"programas_divs margin-top-lg\">\n\t\t\t\t\t<picture class=\"has_bg elements_animated top \" data-background-image=\"https:\/\/uptec.fera.miewstudio.com\/wp-content\/uploads\/2024\/05\/UMA-VEZ-27.jpg\" >\n\t\t\t\t\t\t<div class=\"aspectRatioPlaceholder\" style=\"margin:auto;\">\n\t\t\t\t\t\t\t<div class=\"fill\" style=\"padding-bottom: 60.122699386503%\"><\/div>\n\t\t\t\t\t\t<\/div>\n\t\t\t\t\t<\/picture><!--\n\t\t\t\t\t--><figcaption class=\"elements_animated bottom\">\n\t\t\t\t\t\t<span >Ongoing<\/span>\n\t\t\t\t\t\t<h2 class=\"title uppercase text-stroked margin-bottom-sm\">CROP<\/h2>\n\t\t\t\t\t\t<p class=\"bold\">EU FUNDED PROJECT<br \/>\r\n<br \/>\r\nO Projeto CROP tem como objetivo desenvolver o pensamento criativo como uma compet\u00eancia de estudantes e licenciados das \u00e1reas de A&amp;H. Planeia desenvolver um mestrado para equipar os estudantes com conhecimento te\u00f3rico e habilidades pr\u00e1ticas para catalisar a criatividade, promovendo oportunidades de est\u00e1gio, coloca\u00e7\u00e3o profissional e empreendedorismo.<br \/>\r\n<br \/>\r\nPara saber mais sobre este projeto, por favor contacta imorgado@uptec.fera.miewstudio.com.<\/p>\n\t\t\t\t\t\t<a class=\"button-big\" href=\"https:\/\/www.artshumanitieshub.eu\/crop\/\" target=\"_blank\">\n\t\t\t\t\t\t\t<svg viewBox=\"0 0 36 36\">\n\t\t\t\t\t\t\t\t<path stroke-dasharray=\"100, 100\" d=\"M18 2.0845 a 15.9155 15.9155 0 0 1 0 31.831 a 15.9155 15.9155 0 0 1 0 -31.831\"\/>\n\t\t\t\t\t\t\t<\/svg>\n\t\t\t\t\t\t\t<span>Saber mais<\/span>\n\t\t\t\t\t\t<\/a>\n\t\t\t\t\t<\/figcaption>\n\t\t\t\t<\/figure><figure class=\"programas_divs margin-top-lg\">\n\t\t\t\t\t<picture class=\"has_bg elements_animated top \" data-background-image=\"https:\/\/uptec.fera.miewstudio.com\/wp-content\/uploads\/2024\/05\/INVESTORS-DAY-2023-01-006.jpg\" >\n\t\t\t\t\t\t<div class=\"aspectRatioPlaceholder\" style=\"margin:auto;\">\n\t\t\t\t\t\t\t<div class=\"fill\" style=\"padding-bottom: 60.122699386503%\"><\/div>\n\t\t\t\t\t\t<\/div>\n\t\t\t\t\t<\/picture><!--\n\t\t\t\t\t--><figcaption class=\"elements_animated bottom\">\n\t\t\t\t\t\t<span >Ongoing<\/span>\n\t\t\t\t\t\t<h2 class=\"title uppercase text-stroked margin-bottom-sm\">Blue Shuttle<\/h2>\n\t\t\t\t\t\t<p class=\"bold\">EU COFUNDED PROJECT<br \/>\r\n<br \/>\r\nO Blue Shuttle promover\u00e1 a digitaliza\u00e7\u00e3o do sector da Bioeconomia Azul nos pa\u00edses europeus do Espa\u00e7o Atl\u00e2ntico (Irlanda, Fran\u00e7a, Espanha e Portugal), para estimular processos mais eficientes e sustent\u00e1veis, bem como solu\u00e7\u00f5es criativas e vi\u00e1veis para promover a competitividade e a resili\u00eancia.<br \/>\r\n<br \/>\r\nPara saber mais sobre este projeto, por favor contacta mmaldonaldo@uptec.fera.miewstudio.com.<\/p>\n\t\t\t\t\t\t<a class=\"button-big\" href=\"https:\/\/www.openinnotrain.eu\/\" target=\"_blank\">\n\t\t\t\t\t\t\t<svg viewBox=\"0 0 36 36\">\n\t\t\t\t\t\t\t\t<path stroke-dasharray=\"100, 100\" d=\"M18 2.0845 a 15.9155 15.9155 0 0 1 0 31.831 a 15.9155 15.9155 0 0 1 0 -31.831\"\/>\n\t\t\t\t\t\t\t<\/svg>\n\t\t\t\t\t\t\t<span>Saber mais<\/span>\n\t\t\t\t\t\t<\/a>\n\t\t\t\t\t<\/figcaption>\n\t\t\t\t<\/figure><figure class=\"programas_divs margin-top-lg\">\n\t\t\t\t\t<picture class=\"has_bg elements_animated top \" data-background-image=\"https:\/\/uptec.fera.miewstudio.com\/wp-content\/uploads\/2024\/05\/HOW-TO-FAIL-HOW-TO-TRIUMPH_025.jpg\" >\n\t\t\t\t\t\t<div class=\"aspectRatioPlaceholder\" style=\"margin:auto;\">\n\t\t\t\t\t\t\t<div class=\"fill\" style=\"padding-bottom: 60.122699386503%\"><\/div>\n\t\t\t\t\t\t<\/div>\n\t\t\t\t\t<\/picture><!--\n\t\t\t\t\t--><figcaption class=\"elements_animated bottom\">\n\t\t\t\t\t\t<span >Ongoing<\/span>\n\t\t\t\t\t\t<h2 class=\"title uppercase text-stroked margin-bottom-sm\">SaferSEA\u00a0<\/h2>\n\t\t\t\t\t\t<p class=\"bold\">EU COFUNDED PROJECT<br \/>\r\n<br \/>\r\nSaferSEA ir\u00e1 promover a sensibiliza\u00e7\u00e3o para os desafios enfrentados pela ind\u00fastria naval, e ajudar a prevenir os riscos associados ao transporte mar\u00edtimo, refor\u00e7ando as liga\u00e7\u00f5es entre as regi\u00f5es do Espa\u00e7o Atl\u00e2ntico.<br \/>\r\n<br \/>\r\nPara saber mais sobre este projeto, por favor contacta mmaldonaldo@uptec.fera.miewstudio.com.<\/p>\n\t\t\t\t\t\t<a class=\"button-big\" href=\"https:\/\/www.safersea.eu\/\" target=\"_blank\">\n\t\t\t\t\t\t\t<svg viewBox=\"0 0 36 36\">\n\t\t\t\t\t\t\t\t<path stroke-dasharray=\"100, 100\" d=\"M18 2.0845 a 15.9155 15.9155 0 0 1 0 31.831 a 15.9155 15.9155 0 0 1 0 -31.831\"\/>\n\t\t\t\t\t\t\t<\/svg>\n\t\t\t\t\t\t\t<span>Saber mais<\/span>\n\t\t\t\t\t\t<\/a>\n\t\t\t\t\t<\/figcaption>\n\t\t\t\t<\/figure><figure class=\"programas_divs margin-top-lg\">\n\t\t\t\t\t<picture class=\"has_bg elements_animated top \" data-background-image=\"https:\/\/uptec.fera.miewstudio.com\/wp-content\/uploads\/2024\/05\/PORTO-RISING-TECH-HUB_021.jpg\" >\n\t\t\t\t\t\t<div class=\"aspectRatioPlaceholder\" style=\"margin:auto;\">\n\t\t\t\t\t\t\t<div class=\"fill\" style=\"padding-bottom: 60.122699386503%\"><\/div>\n\t\t\t\t\t\t<\/div>\n\t\t\t\t\t<\/picture><!--\n\t\t\t\t\t--><figcaption class=\"elements_animated bottom\">\n\t\t\t\t\t\t<span >Ongoing<\/span>\n\t\t\t\t\t\t<h2 class=\"title uppercase text-stroked margin-bottom-sm\">ST3ER<\/h2>\n\t\t\t\t\t\t<p class=\"bold\">EU COFUNDED PROJECT<br \/>\r\n<br \/>\r\n<br \/>\r\nOs principais objetivos do Projeto ST3ER s\u00e3o apoiar a transi\u00e7\u00e3o verde e digital das PMEs no setor do turismo, apoiar o desenvolvimento e expans\u00e3o destas PMEs, promover solu\u00e7\u00f5es inovadoras para o turismo sustent\u00e1vel e incentivar o interc\u00e2mbio de boas pr\u00e1ticas e a partilha de conhecimento. O projeto apoiar\u00e1 mais de 200 PMEs atrav\u00e9s de processos de candidatura p\u00fablica.<br \/>\r\n<br \/>\r\nPara saber mais sobre este projeto, por favor contacta imorgado@uptec.fera.miewstudio.com.<\/p>\n\t\t\t\t\t\t<a class=\"button-big\" href=\"https:\/\/www.st3er.eu\/\" target=\"_blank\">\n\t\t\t\t\t\t\t<svg viewBox=\"0 0 36 36\">\n\t\t\t\t\t\t\t\t<path stroke-dasharray=\"100, 100\" d=\"M18 2.0845 a 15.9155 15.9155 0 0 1 0 31.831 a 15.9155 15.9155 0 0 1 0 -31.831\"\/>\n\t\t\t\t\t\t\t<\/svg>\n\t\t\t\t\t\t\t<span>Saber mais<\/span>\n\t\t\t\t\t\t<\/a>\n\t\t\t\t\t<\/figcaption>\n\t\t\t\t<\/figure><figure class=\"programas_divs margin-top-lg\">\n\t\t\t\t\t<picture class=\"has_bg elements_animated top \" data-background-image=\"https:\/\/uptec.fera.miewstudio.com\/wp-content\/uploads\/2024\/05\/Bridging_15-YEARS_013.jpg\" >\n\t\t\t\t\t\t<div class=\"aspectRatioPlaceholder\" style=\"margin:auto;\">\n\t\t\t\t\t\t\t<div class=\"fill\" style=\"padding-bottom: 60.122699386503%\"><\/div>\n\t\t\t\t\t\t<\/div>\n\t\t\t\t\t<\/picture><!--\n\t\t\t\t\t--><figcaption class=\"elements_animated bottom\">\n\t\t\t\t\t\t<span >Ongoing<\/span>\n\t\t\t\t\t\t<h2 class=\"title uppercase text-stroked margin-bottom-sm\">PRODUTECH DIH<\/h2>\n\t\t\t\t\t\t<p class=\"bold\">EU COFUNDED PROJECT<br \/>\r\n<br \/>\r\n<br \/>\r\nPRODUTECH DIH, um European Digital Innovation Hub, tem o objetivo de promover a digitaliza\u00e7\u00e3o da ind\u00fastria do fabrico. Atrav\u00e9s de uma interven\u00e7\u00e3o dual direcionada tanto para as tecnologias de produ\u00e7\u00e3o quanto para os setores do fabrico, potencia o papel que as tecnologias de produ\u00e7\u00e3o desempenham na transforma\u00e7\u00e3o digital e sustent\u00e1vel de v\u00e1rios setores desta ind\u00fastria.<br \/>\r\n<br \/>\r\nPara saber mais sobre este projeto, por favor contacta imorgado@uptec.fera.miewstudio.com.<\/p>\n\t\t\t\t\t\t<a class=\"button-big\" href=\"https:\/\/dih.produtech.org\/en\" target=\"_blank\">\n\t\t\t\t\t\t\t<svg viewBox=\"0 0 36 36\">\n\t\t\t\t\t\t\t\t<path stroke-dasharray=\"100, 100\" d=\"M18 2.0845 a 15.9155 15.9155 0 0 1 0 31.831 a 15.9155 15.9155 0 0 1 0 -31.831\"\/>\n\t\t\t\t\t\t\t<\/svg>\n\t\t\t\t\t\t\t<span>Saber mais<\/span>\n\t\t\t\t\t\t<\/a>\n\t\t\t\t\t<\/figcaption>\n\t\t\t\t<\/figure><figure class=\"programas_divs margin-top-lg\">\n\t\t\t\t\t<picture class=\"has_bg elements_animated top \" data-background-image=\"https:\/\/uptec.fera.miewstudio.com\/wp-content\/uploads\/2024\/09\/bb.jpg\" >\n\t\t\t\t\t\t<div class=\"aspectRatioPlaceholder\" style=\"margin:auto;\">\n\t\t\t\t\t\t\t<div class=\"fill\" style=\"padding-bottom: 60.122699386503%\"><\/div>\n\t\t\t\t\t\t<\/div>\n\t\t\t\t\t<\/picture><!--\n\t\t\t\t\t--><figcaption class=\"elements_animated bottom\">\n\t\t\t\t\t\t<span >Ongoing<\/span>\n\t\t\t\t\t\t<h2 class=\"title uppercase text-stroked margin-bottom-sm\">EIT Culture &amp; Creativity<\/h2>\n\t\t\t\t\t\t<p class=\"bold\">EIT Culture &amp; Creativity\u00a0<br \/>\r\n<br \/>\r\nO EIT Culture &amp; Creativity \u00e9 uma comunidade de conhecimento e inova\u00e7\u00e3o que re\u00fane criativos de todos os sectores para repensar a forma como vivemos enquanto europeus.<\/p>\n\t\t\t\t\t\t<a class=\"button-big\" href=\"https:\/\/eit.europa.eu\/eit-community\/eit-culture-creativity\" target=\"_blank\">\n\t\t\t\t\t\t\t<svg viewBox=\"0 0 36 36\">\n\t\t\t\t\t\t\t\t<path stroke-dasharray=\"100, 100\" d=\"M18 2.0845 a 15.9155 15.9155 0 0 1 0 31.831 a 15.9155 15.9155 0 0 1 0 -31.831\"\/>\n\t\t\t\t\t\t\t<\/svg>\n\t\t\t\t\t\t\t<span>Saber mais<\/span>\n\t\t\t\t\t\t<\/a>\n\t\t\t\t\t<\/figcaption>\n\t\t\t\t<\/figure><figure class=\"programas_divs margin-top-lg\">\n\t\t\t\t\t<picture class=\"has_bg elements_animated top \" data-background-image=\"https:\/\/uptec.fera.miewstudio.com\/wp-content\/uploads\/2024\/03\/OOO-RITA-CAMPOS-COSTA-001-20.jpg\" >\n\t\t\t\t\t\t<div class=\"aspectRatioPlaceholder\" style=\"margin:auto;\">\n\t\t\t\t\t\t\t<div class=\"fill\" style=\"padding-bottom: 60.122699386503%\"><\/div>\n\t\t\t\t\t\t<\/div>\n\t\t\t\t\t<\/picture><!--\n\t\t\t\t\t--><figcaption class=\"elements_animated bottom\">\n\t\t\t\t\t\t<span >Ongoing<\/span>\n\t\t\t\t\t\t<h2 class=\"title uppercase text-stroked margin-bottom-sm\">ESA BIC PORTUGAL<\/h2>\n\t\t\t\t\t\t<p class=\"bold\">\u00a0EUROPEAN SPACE AGENCY INCUBATION PROGRAMME<br \/>\r\n<br \/>\r\nO Centro de Incuba\u00e7\u00e3o de Empresas da ESA em UPTEC permite aos empres\u00e1rios receberem apoio comercial e t\u00e9cnico abrangente para criarem os seus neg\u00f3cios utilizando tecnologia espacial para usos industriais e comerciais n\u00e3o espaciais.<\/p>\n\t\t\t\t\t\t<a class=\"button-big\" href=\"https:\/\/space.ipn.pt\/\" target=\"_blank\">\n\t\t\t\t\t\t\t<svg viewBox=\"0 0 36 36\">\n\t\t\t\t\t\t\t\t<path stroke-dasharray=\"100, 100\" d=\"M18 2.0845 a 15.9155 15.9155 0 0 1 0 31.831 a 15.9155 15.9155 0 0 1 0 -31.831\"\/>\n\t\t\t\t\t\t\t<\/svg>\n\t\t\t\t\t\t\t<span>Saber mais<\/span>\n\t\t\t\t\t\t<\/a>\n\t\t\t\t\t<\/figcaption>\n\t\t\t\t<\/figure><\/div>[\/vc_column][\/vc_row][vc_row unlock_row_content=&#8221;yes&#8221; row_height_percent=&#8221;0&#8243; override_padding=&#8221;yes&#8221; h_padding=&#8221;0&#8243; top_padding=&#8221;0&#8243; bottom_padding=&#8221;0&#8243; overlay_alpha=&#8221;50&#8243; gutter_size=&#8221;0&#8243; column_width_percent=&#8221;100&#8243; shift_y=&#8221;0&#8243; z_index=&#8221;0&#8243; el_class=&#8221;announcements-footer&#8221;][vc_column width=&#8221;1\/1&#8243;][\/vc_column][\/vc_row]<\/div>","protected":false},"excerpt":{"rendered":"[vc_row unlock_row_content=&#8221;yes&#8221; row_height_percent=&#8221;0&#8243; override_padding=&#8221;yes&#8221; h_padding=&#8221;0&#8243; top_padding=&#8221;2&#8243; bottom_padding=&#8221;2&#8243; overlay_alpha=&#8221;50&#8243; gutter_size=&#8221;0&#8243; column_width_percent=&#8221;100&#8243; shift_y=&#8221;0&#8243; z_index=&#8221;0&#8243;][vc_column width=&#8221;1\/1&#8243;][\/vc_column][\/vc_row][vc_row unlock_row_content=&#8221;yes&#8221; row_height_percent=&#8221;0&#8243; override_padding=&#8221;yes&#8221; h_padding=&#8221;0&#8243; top_padding=&#8221;0&#8243; bottom_padding=&#8221;0&#8243; overlay_alpha=&#8221;50&#8243; [&hellip;]","protected":false},"author":1,"featured_media":0,"parent":0,"menu_order":0,"comment_status":"closed","ping_status":"closed","template":"","meta":{"footnotes":""},"class_list":["post-1463","page","type-page","status-publish","hentry"],"yoast_head":"<!-- This site is optimized with the Yoast SEO plugin v25.2 - https:\/\/yoast.com\/wordpress\/plugins\/seo\/ -->\n<title>Programmes - UPTEC<\/title>\n<meta name=\"robots\" content=\"noindex, follow, max-snippet:-1, max-image-preview:large, max-video-preview:-1\" \/>\n<meta property=\"og:locale\" content=\"pt_PT\" \/>\n<meta property=\"og:type\" content=\"article\" \/>\n<meta property=\"og:title\" content=\"Programmes - UPTEC\" \/>\n<meta property=\"og:description\" content=\"[vc_row unlock_row_content=&#8221;yes&#8221; row_height_percent=&#8221;0&#8243; override_padding=&#8221;yes&#8221; h_padding=&#8221;0&#8243; top_padding=&#8221;2&#8243; bottom_padding=&#8221;2&#8243; overlay_alpha=&#8221;50&#8243; gutter_size=&#8221;0&#8243; column_width_percent=&#8221;100&#8243; shift_y=&#8221;0&#8243; z_index=&#8221;0&#8243;][vc_column width=&#8221;1\/1&#8243;][\/vc_column][\/vc_row][vc_row unlock_row_content=&#8221;yes&#8221; row_height_percent=&#8221;0&#8243; override_padding=&#8221;yes&#8221; h_padding=&#8221;0&#8243; top_padding=&#8221;0&#8243; bottom_padding=&#8221;0&#8243; overlay_alpha=&#8221;50&#8243; [&hellip;]\" \/>\n<meta property=\"og:url\" content=\"https:\/\/uptec.fera.miewstudio.com\/pt-pt\/programmes\/\" \/>\n<meta property=\"og:site_name\" content=\"UPTEC\" \/>\n<meta property=\"article:publisher\" content=\"https:\/\/www.facebook.com\/uptec\/\" \/>\n<meta property=\"article:modified_time\" content=\"2024-05-17T18:07:35+00:00\" \/>\n<meta name=\"twitter:card\" content=\"summary_large_image\" \/>\n<meta name=\"twitter:site\" content=\"@uptecporto\" \/>\n<script type=\"application\/ld+json\" class=\"yoast-schema-graph\">{\"@context\":\"https:\/\/schema.org\",\"@graph\":[{\"@type\":\"WebPage\",\"@id\":\"https:\/\/uptec.fera.miewstudio.com\/pt-pt\/programmes\/\",\"url\":\"https:\/\/uptec.fera.miewstudio.com\/pt-pt\/programmes\/\",\"name\":\"Programmes - UPTEC\",\"isPartOf\":{\"@id\":\"https:\/\/uptec.fera.miewstudio.com\/#website\"},\"datePublished\":\"2018-12-05T13:56:04+00:00\",\"dateModified\":\"2024-05-17T18:07:35+00:00\",\"breadcrumb\":{\"@id\":\"https:\/\/uptec.fera.miewstudio.com\/pt-pt\/programmes\/#breadcrumb\"},\"inLanguage\":\"pt-PT\",\"potentialAction\":[{\"@type\":\"ReadAction\",\"target\":[\"https:\/\/uptec.fera.miewstudio.com\/pt-pt\/programmes\/\"]}]},{\"@type\":\"BreadcrumbList\",\"@id\":\"https:\/\/uptec.fera.miewstudio.com\/pt-pt\/programmes\/#breadcrumb\",\"itemListElement\":[{\"@type\":\"ListItem\",\"position\":1,\"name\":\"Home\",\"item\":\"https:\/\/uptec.fera.miewstudio.com\/pt-pt\/\"},{\"@type\":\"ListItem\",\"position\":2,\"name\":\"Programmes\"}]},{\"@type\":\"WebSite\",\"@id\":\"https:\/\/uptec.fera.miewstudio.com\/#website\",\"url\":\"https:\/\/uptec.fera.miewstudio.com\/\",\"name\":\"UPTEC\",\"description\":\"UPTEC is a community of people who want to use knowledge to create and develop better businesses for a better world.\",\"publisher\":{\"@id\":\"https:\/\/uptec.fera.miewstudio.com\/#organization\"},\"potentialAction\":[{\"@type\":\"SearchAction\",\"target\":{\"@type\":\"EntryPoint\",\"urlTemplate\":\"https:\/\/uptec.fera.miewstudio.com\/?s={search_term_string}\"},\"query-input\":{\"@type\":\"PropertyValueSpecification\",\"valueRequired\":true,\"valueName\":\"search_term_string\"}}],\"inLanguage\":\"pt-PT\"},{\"@type\":\"Organization\",\"@id\":\"https:\/\/uptec.fera.miewstudio.com\/#organization\",\"name\":\"UPTEC\",\"url\":\"https:\/\/uptec.fera.miewstudio.com\/\",\"logo\":{\"@type\":\"ImageObject\",\"inLanguage\":\"pt-PT\",\"@id\":\"https:\/\/uptec.fera.miewstudio.com\/#\/schema\/logo\/image\/\",\"url\":\"https:\/\/uptec.fera.miewstudio.com\/wp-content\/uploads\/2024\/10\/UPTEC-LOGO-BW.png\",\"contentUrl\":\"https:\/\/uptec.fera.miewstudio.com\/wp-content\/uploads\/2024\/10\/UPTEC-LOGO-BW.png\",\"width\":579,\"height\":300,\"caption\":\"UPTEC\"},\"image\":{\"@id\":\"https:\/\/uptec.fera.miewstudio.com\/#\/schema\/logo\/image\/\"},\"sameAs\":[\"https:\/\/www.facebook.com\/uptec\/\",\"https:\/\/x.com\/uptecporto\",\"https:\/\/www.instagram.com\/uptec_porto\/\",\"https:\/\/www.linkedin.com\/company\/uptecporto\/\",\"https:\/\/www.youtube.com\/channel\/UCOfVYvrz-zuKQAlTK62_-Yg\"]}]}<\/script>\n<!-- \/ Yoast SEO plugin. -->","yoast_head_json":{"title":"Programmes - UPTEC","robots":{"index":"noindex","follow":"follow","max-snippet":"max-snippet:-1","max-image-preview":"max-image-preview:large","max-video-preview":"max-video-preview:-1"},"og_locale":"pt_PT","og_type":"article","og_title":"Programmes - UPTEC","og_description":"[vc_row unlock_row_content=&#8221;yes&#8221; row_height_percent=&#8221;0&#8243; override_padding=&#8221;yes&#8221; h_padding=&#8221;0&#8243; top_padding=&#8221;2&#8243; bottom_padding=&#8221;2&#8243; overlay_alpha=&#8221;50&#8243; gutter_size=&#8221;0&#8243; column_width_percent=&#8221;100&#8243; shift_y=&#8221;0&#8243; z_index=&#8221;0&#8243;][vc_column width=&#8221;1\/1&#8243;][\/vc_column][\/vc_row][vc_row unlock_row_content=&#8221;yes&#8221; row_height_percent=&#8221;0&#8243; override_padding=&#8221;yes&#8221; h_padding=&#8221;0&#8243; top_padding=&#8221;0&#8243; bottom_padding=&#8221;0&#8243; overlay_alpha=&#8221;50&#8243; [&hellip;]","og_url":"https:\/\/uptec.fera.miewstudio.com\/pt-pt\/programmes\/","og_site_name":"UPTEC","article_publisher":"https:\/\/www.facebook.com\/uptec\/","article_modified_time":"2024-05-17T18:07:35+00:00","twitter_card":"summary_large_image","twitter_site":"@uptecporto","schema":{"@context":"https:\/\/schema.org","@graph":[{"@type":"WebPage","@id":"https:\/\/uptec.fera.miewstudio.com\/pt-pt\/programmes\/","url":"https:\/\/uptec.fera.miewstudio.com\/pt-pt\/programmes\/","name":"Programmes - UPTEC","isPartOf":{"@id":"https:\/\/uptec.fera.miewstudio.com\/#website"},"datePublished":"2018-12-05T13:56:04+00:00","dateModified":"2024-05-17T18:07:35+00:00","breadcrumb":{"@id":"https:\/\/uptec.fera.miewstudio.com\/pt-pt\/programmes\/#breadcrumb"},"inLanguage":"pt-PT","potentialAction":[{"@type":"ReadAction","target":["https:\/\/uptec.fera.miewstudio.com\/pt-pt\/programmes\/"]}]},{"@type":"BreadcrumbList","@id":"https:\/\/uptec.fera.miewstudio.com\/pt-pt\/programmes\/#breadcrumb","itemListElement":[{"@type":"ListItem","position":1,"name":"Home","item":"https:\/\/uptec.fera.miewstudio.com\/pt-pt\/"},{"@type":"ListItem","position":2,"name":"Programmes"}]},{"@type":"WebSite","@id":"https:\/\/uptec.fera.miewstudio.com\/#website","url":"https:\/\/uptec.fera.miewstudio.com\/","name":"UPTEC","description":"UPTEC is a community of people who want to use knowledge to create and develop better businesses for a better world.","publisher":{"@id":"https:\/\/uptec.fera.miewstudio.com\/#organization"},"potentialAction":[{"@type":"SearchAction","target":{"@type":"EntryPoint","urlTemplate":"https:\/\/uptec.fera.miewstudio.com\/?s={search_term_string}"},"query-input":{"@type":"PropertyValueSpecification","valueRequired":true,"valueName":"search_term_string"}}],"inLanguage":"pt-PT"},{"@type":"Organization","@id":"https:\/\/uptec.fera.miewstudio.com\/#organization","name":"UPTEC","url":"https:\/\/uptec.fera.miewstudio.com\/","logo":{"@type":"ImageObject","inLanguage":"pt-PT","@id":"https:\/\/uptec.fera.miewstudio.com\/#\/schema\/logo\/image\/","url":"https:\/\/uptec.fera.miewstudio.com\/wp-content\/uploads\/2024\/10\/UPTEC-LOGO-BW.png","contentUrl":"https:\/\/uptec.fera.miewstudio.com\/wp-content\/uploads\/2024\/10\/UPTEC-LOGO-BW.png","width":579,"height":300,"caption":"UPTEC"},"image":{"@id":"https:\/\/uptec.fera.miewstudio.com\/#\/schema\/logo\/image\/"},"sameAs":["https:\/\/www.facebook.com\/uptec\/","https:\/\/x.com\/uptecporto","https:\/\/www.instagram.com\/uptec_porto\/","https:\/\/www.linkedin.com\/company\/uptecporto\/","https:\/\/www.youtube.com\/channel\/UCOfVYvrz-zuKQAlTK62_-Yg"]}]}},"_links":{"self":[{"href":"https:\/\/uptec.fera.miewstudio.com\/pt-pt\/wp-json\/wp\/v2\/pages\/1463","targetHints":{"allow":["GET"]}}],"collection":[{"href":"https:\/\/uptec.fera.miewstudio.com\/pt-pt\/wp-json\/wp\/v2\/pages"}],"about":[{"href":"https:\/\/uptec.fera.miewstudio.com\/pt-pt\/wp-json\/wp\/v2\/types\/page"}],"author":[{"embeddable":true,"href":"https:\/\/uptec.fera.miewstudio.com\/pt-pt\/wp-json\/wp\/v2\/users\/1"}],"replies":[{"embeddable":true,"href":"https:\/\/uptec.fera.miewstudio.com\/pt-pt\/wp-json\/wp\/v2\/comments?post=1463"}],"version-history":[{"count":8,"href":"https:\/\/uptec.fera.miewstudio.com\/pt-pt\/wp-json\/wp\/v2\/pages\/1463\/revisions"}],"predecessor-version":[{"id":18571,"href":"https:\/\/uptec.fera.miewstudio.com\/pt-pt\/wp-json\/wp\/v2\/pages\/1463\/revisions\/18571"}],"wp:attachment":[{"href":"https:\/\/uptec.fera.miewstudio.com\/pt-pt\/wp-json\/wp\/v2\/media?parent=1463"}],"curies":[{"name":"wp","href":"https:\/\/api.w.org\/{rel}","templated":true}]}}