
{"id":1615,"date":"2019-02-18T17:55:20","date_gmt":"2019-02-18T17:55:20","guid":{"rendered":"https:\/\/uptec.up.pt\/?page_id=1615"},"modified":"2020-07-24T17:31:52","modified_gmt":"2020-07-24T17:31:52","slug":"politica-de-privacidade-de-dados","status":"publish","type":"page","link":"https:\/\/uptec.fera.miewstudio.com\/pt-pt\/politica-de-privacidade-de-dados\/","title":{"rendered":"Pol\u00edtica de Privacidade de Dados"},"content":{"rendered":"<div class=\"wpb-content-wrapper\">[vc_row][vc_column width=&#8221;1\/6&#8243;][\/vc_column][vc_column width=&#8221;2\/3&#8243;][vc_custom_heading]Pol\u00edtica de Privacidade de Dados[\/vc_custom_heading][vc_column_text]De acordo com o novo Regulamento Geral de Prote\u00e7\u00e3o de Dados, (UE) 2016\/679, do Parlamento Europeu e do Conselho da Uni\u00e3o Europeia de 27 de abril de 2016, relativo \u00e0 prote\u00e7\u00e3o das pessoas singulares no que diz respeito ao tratamento de dados pessoais e \u00e0 livre circula\u00e7\u00e3o desses dados (RGPD), \u00e9 essencial obter o consentimento expl\u00edcito de todas as pessoas cujos dados pessoais s\u00e3o usados pela UPTEC.\r\n\r\n&nbsp;\r\n\r\nA vis\u00e3o da UPTEC \u00e9 tornar-se um Parque de Ci\u00eancia e Tecnologia que contribua para o desenvolvimento do novo paradigma econ\u00f3mico, mais transparente, \u00e9tico e sustent\u00e1vel. Para n\u00f3s, \u00e9 fundamental sermos transparentes acerca dos dados pessoais que recolhemos, de que forma os utilizamos e com quem os partilhamos.\r\n\r\n&nbsp;\r\n\r\nEsta preocupa\u00e7\u00e3o da UPTEC com a utiliza\u00e7\u00e3o autorizada e adequada dos dados pessoais n\u00e3o foi despoletada s\u00f3 agora pela entrada em vigor do RGPD, mas tem sido pr\u00e1tica comum desde h\u00e1 alguns anos. Desde sempre solicitamos aos projetos empresariais\/empresas instaladas a autoriza\u00e7\u00e3o expressa e por escrito para a partilha de contacto a entidades terceiras, para a rece\u00e7\u00e3o de comunica\u00e7\u00f5es da UPTEC, assim como para todos os dados de identifica\u00e7\u00e3o e de contacto dos colaboradores dos projetos empresariais\/empresas.\r\n\r\n&nbsp;\r\n\r\nNeste documento podes consultar a informa\u00e7\u00e3o acerca dos dados pessoais que recolhemos, as raz\u00f5es pelas quais os utilizamos e partilhamos, e por quanto tempo os conservamos.[\/vc_column_text][\/vc_column][vc_column width=&#8221;1\/6&#8243;][\/vc_column][\/vc_row][vc_row row_height_percent=&#8221;0&#8243; overlay_alpha=&#8221;50&#8243; gutter_size=&#8221;3&#8243; column_width_percent=&#8221;100&#8243; shift_y=&#8221;0&#8243; z_index=&#8221;0&#8243; el_class=&#8221;margin-top-sm&#8221; shape_dividers=&#8221;&#8221;][vc_column width=&#8221;1\/6&#8243;][\/vc_column][vc_column width=&#8221;2\/3&#8243;][vc_custom_heading heading_semantic=&#8221;h3&#8243; text_size=&#8221;h3&#8243;]Quais s\u00e3o os dados pessoais que usamos e qual a finalidade?[\/vc_custom_heading][vc_column_text el_class=&#8221;margin-top-sm&#8221;]<strong>Registo e participa\u00e7\u00e3o em eventos<\/strong>\r\n\r\nNas inscri\u00e7\u00f5es em eventos organizados pela UPTEC \u2013 ou nos quais a UPTEC faz essa recolha de dados \u2013 s\u00e3o guardados dados de identifica\u00e7\u00e3o (nome) e de contacto* com vista a poder contactar os inscritos em caso de alguma altera\u00e7\u00e3o respeitante ao evento (por exemplo, mudan\u00e7a de dia, hor\u00e1rio ou local). Durante os eventos pode haver recolha de imagens, usadas para arquivo de atividades da UPTEC ou para publica\u00e7\u00e3o nas plataformas de divulga\u00e7\u00e3o da UPTEC.[\/vc_column_text][vc_column_text el_class=&#8221;margin-top-sm&#8221;]<strong>Newsletter<\/strong>\r\n\r\nNo \u00e2mbito das atividades e eventos que a UPTEC organiza, acolhe e\/ou participa, s\u00e3o processados dados de identifica\u00e7\u00e3o (nome) e dados de contacto* para divulga\u00e7\u00e3o das iniciativas que possam constituir oportunidades de neg\u00f3cio e\/ou partilha de conhecimento.[\/vc_column_text][vc_column_text el_class=&#8221;margin-top-sm&#8221;]<strong>Seguran\u00e7a e vigil\u00e2ncia<\/strong>\r\n\r\nOs edif\u00edcios da UPTEC t\u00eam instalados sistemas de TV em circuito fechado (CCTV), para vigil\u00e2ncia das infraestruturas e equipamentos de que a UPTEC \u00e9 respons\u00e1vel, bem como para seguran\u00e7a e apoio a todos os que frequentam ou visitam estes espa\u00e7os. Os dados de identifica\u00e7\u00e3o (nome) e de contacto* das equipas das empresas instaladas na UPTEC podem ser usados para contacto direto pela equipa UPTEC em qualquer situa\u00e7\u00e3o em que a seguran\u00e7a de pessoas ou bens esteja em risco.[\/vc_column_text][vc_column_text el_class=&#8221;margin-top-sm&#8221;]<strong>Candidaturas \u00e0 UPTEC<\/strong>\r\n\r\nNo caso de candidatura de projetos \u00e0 UPTEC ou candidatura a programas da UPTEC, s\u00e3o tratados dados de identifica\u00e7\u00e3o (nome) e dados de contacto* dos participantes para comunica\u00e7\u00f5es relativas a esse projeto\/programa. Dependendo do programa a que o utilizador se est\u00e1 a candidatar, podem ser recolhidos dados biogr\u00e1ficos que s\u00e3o apenas usados para an\u00e1lise e avalia\u00e7\u00e3o do projeto\/candidatura.[\/vc_column_text][\/vc_column][vc_column width=&#8221;1\/6&#8243;][\/vc_column][\/vc_row][vc_row row_height_percent=&#8221;0&#8243; overlay_alpha=&#8221;50&#8243; gutter_size=&#8221;3&#8243; column_width_percent=&#8221;100&#8243; shift_y=&#8221;0&#8243; z_index=&#8221;0&#8243; el_class=&#8221;margin-top-sm&#8221; shape_dividers=&#8221;&#8221;][vc_column width=&#8221;1\/6&#8243;][\/vc_column][vc_column width=&#8221;2\/3&#8243;][vc_custom_heading heading_semantic=&#8221;h3&#8243; text_size=&#8221;h3&#8243;]Com quem partilhamos os dados pessoais?[\/vc_custom_heading][vc_column_text el_class=&#8221;margin-top-sm&#8221;]A UPTEC apenas partilha os dados recolhidos nas candidaturas a programas da UPTEC com parceiros e\/ou coorganizadores do programa em quest\u00e3o para efeitos de avalia\u00e7\u00e3o e an\u00e1lise das candidaturas\/projetos.\r\n\r\nNas inscri\u00e7\u00f5es em eventos que a UPTEC organiza, acolhe e\/ou participa, podem ser partilhados os dados recolhidos com parceiros\/coorganizadores do pr\u00f3prio evento.[\/vc_column_text][\/vc_column][vc_column width=&#8221;1\/6&#8243;][\/vc_column][\/vc_row][vc_row row_height_percent=&#8221;0&#8243; overlay_alpha=&#8221;50&#8243; gutter_size=&#8221;3&#8243; column_width_percent=&#8221;100&#8243; shift_y=&#8221;0&#8243; z_index=&#8221;0&#8243; el_class=&#8221;margin-top-sm&#8221; shape_dividers=&#8221;&#8221;][vc_column width=&#8221;1\/6&#8243;][\/vc_column][vc_column width=&#8221;2\/3&#8243;][vc_custom_heading heading_semantic=&#8221;h3&#8243; text_size=&#8221;h3&#8243;]At\u00e9 quando conservamos os dados pessoais?[\/vc_custom_heading][vc_column_text el_class=&#8221;margin-top-sm&#8221;]Todos os dados recolhidos s\u00e3o mantidos ad aeternum at\u00e9 que o utilizador exer\u00e7a o seu direito de apagamento\/esquecimento.\r\nNo entanto, os dados solicitados no registo e participa\u00e7\u00e3o de eventos s\u00e3o apenas mantidos at\u00e9 cinco dias ap\u00f3s o evento.\r\nNo caso espec\u00edfico da newsletter da UPTEC, o utilizador tem sempre dispon\u00edvel o bot\u00e3o unsubscribe.\r\nDe acordo com a legisla\u00e7\u00e3o em vigor, as imagens recolhidas atrav\u00e9s do CCTV s\u00e3o apenas mantidas durante 30 dias.\r\n[\/vc_column_text][vc_column_text el_class=&#8221;margin-top-sm&#8221;]<strong>O titular dos dados tem os seguintes direitos:<\/strong>\r\n<ul>\r\n \t<li>Informa\u00e7\u00e3o e acesso | podes obter informa\u00e7\u00e3o relativamente ao tratamento efetuado aos teus dados e obter c\u00f3pia dos mesmos.<\/li>\r\n \t<li>Retifica\u00e7\u00e3o | sempre que consideres que os teus dados pessoais s\u00e3o inexatos ou incompletos, podes solicitar a retifica\u00e7\u00e3o dos mesmos em conformidade.<\/li>\r\n \t<li>Apagamento | podes solicitar o apagamento dos teus dados pessoais, na medida do legalmente admiss\u00edvel.<\/li>\r\n \t<li>Limita\u00e7\u00e3o | podes requerer a limita\u00e7\u00e3o do tratamento dos teus dados pessoais.<\/li>\r\n \t<li>Oposi\u00e7\u00e3o | o titular pode opor-se ao tratamento dos dados pessoais, nomeadamente com base em interesse leg\u00edtimos, por motivos relacionados com a sua situa\u00e7\u00e3o particular.<\/li>\r\n \t<li>Retirar o consentimento | nos casos em que tenhas dado o teu consentimento para o tratamento de dados pessoais, podes retirar o mesmo a qualquer momento.<\/li>\r\n \t<li>Portabilidade | quando legalmente admiss\u00edvel, tens o direito \u00e0 devolu\u00e7\u00e3o dos dados pessoais que te digam respeito e que tenhas fornecido, ou, se tecnicamente poss\u00edvel, \u00e0 transfer\u00eancia dos mesmos para um outro terceiro, respons\u00e1vel pelo tratamento.<\/li>\r\n<\/ul>\r\n&nbsp;\r\n\r\n&nbsp;\r\n\r\nPodes exercer os direitos acima listados contactando diretamente a equipa UPTEC.\r\n\r\nO titular dos dados ter\u00e1 ainda o direito a apresenta\u00e7\u00e3o de reclama\u00e7\u00e3o junto da Comiss\u00e3o Nacional de Prote\u00e7\u00e3o de Dados, ou outra autoridade de controlo a quem venha a ser atribu\u00edda esta compet\u00eancia, cujos contactos podem ser consultados.[\/vc_column_text][\/vc_column][vc_column width=&#8221;1\/6&#8243;][\/vc_column][\/vc_row][vc_row row_height_percent=&#8221;0&#8243; overlay_alpha=&#8221;50&#8243; gutter_size=&#8221;3&#8243; column_width_percent=&#8221;100&#8243; shift_y=&#8221;0&#8243; z_index=&#8221;0&#8243; el_class=&#8221;margin-top-sm&#8221; shape_dividers=&#8221;&#8221;][vc_column width=&#8221;1\/6&#8243;][\/vc_column][vc_column width=&#8221;2\/3&#8243;][vc_column_text el_class=&#8221;margin-top-sm&#8221;]<strong>*Dados de contacto<\/strong> \u2013 endere\u00e7o eletr\u00f3nico, n\u00famero de telem\u00f3vel ou identificadores noutras plataformas de comunica\u00e7\u00e3o.\r\n\r\n\u00c9 poss\u00edvel que esta informa\u00e7\u00e3o seja atualizada regularmente.\r\n\r\nA equipa UPTEC informar\u00e1 sobre quaisquer altera\u00e7\u00f5es relevantes atrav\u00e9s dos canais de comunica\u00e7\u00e3o habituais.\r\n\r\nPara qualquer outra informa\u00e7\u00e3o necess\u00e1ria, podes contactar-nos atrav\u00e9s do endere\u00e7o de email <a href=\"mailto:geral@uptec.fera.miewstudio.com\">geral@uptec.fera.miewstudio.com<\/a>.[\/vc_column_text][\/vc_column][vc_column width=&#8221;1\/6&#8243;][\/vc_column][\/vc_row]<\/div>","protected":false},"excerpt":{"rendered":"[vc_row][vc_column width=&#8221;1\/6&#8243;][\/vc_column][vc_column width=&#8221;2\/3&#8243;][vc_custom_heading]Pol\u00edtica de Privacidade de Dados[\/vc_custom_heading][vc_column_text]De acordo com o novo Regulamento Geral de Prote\u00e7\u00e3o de Dados, (UE) 2016\/679, do [&hellip;]","protected":false},"author":4,"featured_media":0,"parent":0,"menu_order":0,"comment_status":"closed","ping_status":"closed","template":"","meta":{"footnotes":""},"class_list":["post-1615","page","type-page","status-publish","hentry"],"yoast_head":"<!-- This site is optimized with the Yoast SEO plugin v25.2 - https:\/\/yoast.com\/wordpress\/plugins\/seo\/ -->\n<title>Pol\u00edtica de Privacidade de Dados - UPTEC<\/title>\n<meta name=\"robots\" content=\"noindex, follow, max-snippet:-1, max-image-preview:large, max-video-preview:-1\" \/>\n<meta property=\"og:locale\" content=\"pt_PT\" \/>\n<meta property=\"og:type\" content=\"article\" \/>\n<meta property=\"og:title\" content=\"Pol\u00edtica de Privacidade de Dados - UPTEC\" \/>\n<meta property=\"og:description\" content=\"[vc_row][vc_column width=&#8221;1\/6&#8243;][\/vc_column][vc_column width=&#8221;2\/3&#8243;][vc_custom_heading]Pol\u00edtica de Privacidade de Dados[\/vc_custom_heading][vc_column_text]De acordo com o novo Regulamento Geral de Prote\u00e7\u00e3o de Dados, (UE) 2016\/679, do [&hellip;]\" \/>\n<meta property=\"og:url\" content=\"https:\/\/uptec.fera.miewstudio.com\/pt-pt\/politica-de-privacidade-de-dados\/\" \/>\n<meta property=\"og:site_name\" content=\"UPTEC\" \/>\n<meta property=\"article:publisher\" content=\"https:\/\/www.facebook.com\/uptec\/\" \/>\n<meta property=\"article:modified_time\" content=\"2020-07-24T17:31:52+00:00\" \/>\n<meta name=\"twitter:card\" content=\"summary_large_image\" \/>\n<meta name=\"twitter:site\" content=\"@uptecporto\" \/>\n<meta name=\"twitter:label1\" content=\"Tempo estimado de leitura\" \/>\n\t<meta name=\"twitter:data1\" content=\"6 minutos\" \/>\n<script type=\"application\/ld+json\" class=\"yoast-schema-graph\">{\"@context\":\"https:\/\/schema.org\",\"@graph\":[{\"@type\":\"WebPage\",\"@id\":\"https:\/\/uptec.fera.miewstudio.com\/pt-pt\/politica-de-privacidade-de-dados\/\",\"url\":\"https:\/\/uptec.fera.miewstudio.com\/pt-pt\/politica-de-privacidade-de-dados\/\",\"name\":\"Pol\u00edtica de Privacidade de Dados - UPTEC\",\"isPartOf\":{\"@id\":\"https:\/\/uptec.fera.miewstudio.com\/#website\"},\"datePublished\":\"2019-02-18T17:55:20+00:00\",\"dateModified\":\"2020-07-24T17:31:52+00:00\",\"breadcrumb\":{\"@id\":\"https:\/\/uptec.fera.miewstudio.com\/pt-pt\/politica-de-privacidade-de-dados\/#breadcrumb\"},\"inLanguage\":\"pt-PT\",\"potentialAction\":[{\"@type\":\"ReadAction\",\"target\":[\"https:\/\/uptec.fera.miewstudio.com\/pt-pt\/politica-de-privacidade-de-dados\/\"]}]},{\"@type\":\"BreadcrumbList\",\"@id\":\"https:\/\/uptec.fera.miewstudio.com\/pt-pt\/politica-de-privacidade-de-dados\/#breadcrumb\",\"itemListElement\":[{\"@type\":\"ListItem\",\"position\":1,\"name\":\"Home\",\"item\":\"https:\/\/uptec.fera.miewstudio.com\/pt-pt\/\"},{\"@type\":\"ListItem\",\"position\":2,\"name\":\"Pol\u00edtica de Privacidade de Dados\"}]},{\"@type\":\"WebSite\",\"@id\":\"https:\/\/uptec.fera.miewstudio.com\/#website\",\"url\":\"https:\/\/uptec.fera.miewstudio.com\/\",\"name\":\"UPTEC\",\"description\":\"UPTEC is a community of people who want to use knowledge to create and develop better businesses for a better world.\",\"publisher\":{\"@id\":\"https:\/\/uptec.fera.miewstudio.com\/#organization\"},\"potentialAction\":[{\"@type\":\"SearchAction\",\"target\":{\"@type\":\"EntryPoint\",\"urlTemplate\":\"https:\/\/uptec.fera.miewstudio.com\/?s={search_term_string}\"},\"query-input\":{\"@type\":\"PropertyValueSpecification\",\"valueRequired\":true,\"valueName\":\"search_term_string\"}}],\"inLanguage\":\"pt-PT\"},{\"@type\":\"Organization\",\"@id\":\"https:\/\/uptec.fera.miewstudio.com\/#organization\",\"name\":\"UPTEC\",\"url\":\"https:\/\/uptec.fera.miewstudio.com\/\",\"logo\":{\"@type\":\"ImageObject\",\"inLanguage\":\"pt-PT\",\"@id\":\"https:\/\/uptec.fera.miewstudio.com\/#\/schema\/logo\/image\/\",\"url\":\"https:\/\/uptec.fera.miewstudio.com\/wp-content\/uploads\/2024\/10\/UPTEC-LOGO-BW.png\",\"contentUrl\":\"https:\/\/uptec.fera.miewstudio.com\/wp-content\/uploads\/2024\/10\/UPTEC-LOGO-BW.png\",\"width\":579,\"height\":300,\"caption\":\"UPTEC\"},\"image\":{\"@id\":\"https:\/\/uptec.fera.miewstudio.com\/#\/schema\/logo\/image\/\"},\"sameAs\":[\"https:\/\/www.facebook.com\/uptec\/\",\"https:\/\/x.com\/uptecporto\",\"https:\/\/www.instagram.com\/uptec_porto\/\",\"https:\/\/www.linkedin.com\/company\/uptecporto\/\",\"https:\/\/www.youtube.com\/channel\/UCOfVYvrz-zuKQAlTK62_-Yg\"]}]}<\/script>\n<!-- \/ Yoast SEO plugin. -->","yoast_head_json":{"title":"Pol\u00edtica de Privacidade de Dados - UPTEC","robots":{"index":"noindex","follow":"follow","max-snippet":"max-snippet:-1","max-image-preview":"max-image-preview:large","max-video-preview":"max-video-preview:-1"},"og_locale":"pt_PT","og_type":"article","og_title":"Pol\u00edtica de Privacidade de Dados - UPTEC","og_description":"[vc_row][vc_column width=&#8221;1\/6&#8243;][\/vc_column][vc_column width=&#8221;2\/3&#8243;][vc_custom_heading]Pol\u00edtica de Privacidade de Dados[\/vc_custom_heading][vc_column_text]De acordo com o novo Regulamento Geral de Prote\u00e7\u00e3o de Dados, (UE) 2016\/679, do [&hellip;]","og_url":"https:\/\/uptec.fera.miewstudio.com\/pt-pt\/politica-de-privacidade-de-dados\/","og_site_name":"UPTEC","article_publisher":"https:\/\/www.facebook.com\/uptec\/","article_modified_time":"2020-07-24T17:31:52+00:00","twitter_card":"summary_large_image","twitter_site":"@uptecporto","twitter_misc":{"Tempo estimado de leitura":"6 minutos"},"schema":{"@context":"https:\/\/schema.org","@graph":[{"@type":"WebPage","@id":"https:\/\/uptec.fera.miewstudio.com\/pt-pt\/politica-de-privacidade-de-dados\/","url":"https:\/\/uptec.fera.miewstudio.com\/pt-pt\/politica-de-privacidade-de-dados\/","name":"Pol\u00edtica de Privacidade de Dados - UPTEC","isPartOf":{"@id":"https:\/\/uptec.fera.miewstudio.com\/#website"},"datePublished":"2019-02-18T17:55:20+00:00","dateModified":"2020-07-24T17:31:52+00:00","breadcrumb":{"@id":"https:\/\/uptec.fera.miewstudio.com\/pt-pt\/politica-de-privacidade-de-dados\/#breadcrumb"},"inLanguage":"pt-PT","potentialAction":[{"@type":"ReadAction","target":["https:\/\/uptec.fera.miewstudio.com\/pt-pt\/politica-de-privacidade-de-dados\/"]}]},{"@type":"BreadcrumbList","@id":"https:\/\/uptec.fera.miewstudio.com\/pt-pt\/politica-de-privacidade-de-dados\/#breadcrumb","itemListElement":[{"@type":"ListItem","position":1,"name":"Home","item":"https:\/\/uptec.fera.miewstudio.com\/pt-pt\/"},{"@type":"ListItem","position":2,"name":"Pol\u00edtica de Privacidade de Dados"}]},{"@type":"WebSite","@id":"https:\/\/uptec.fera.miewstudio.com\/#website","url":"https:\/\/uptec.fera.miewstudio.com\/","name":"UPTEC","description":"UPTEC is a community of people who want to use knowledge to create and develop better businesses for a better world.","publisher":{"@id":"https:\/\/uptec.fera.miewstudio.com\/#organization"},"potentialAction":[{"@type":"SearchAction","target":{"@type":"EntryPoint","urlTemplate":"https:\/\/uptec.fera.miewstudio.com\/?s={search_term_string}"},"query-input":{"@type":"PropertyValueSpecification","valueRequired":true,"valueName":"search_term_string"}}],"inLanguage":"pt-PT"},{"@type":"Organization","@id":"https:\/\/uptec.fera.miewstudio.com\/#organization","name":"UPTEC","url":"https:\/\/uptec.fera.miewstudio.com\/","logo":{"@type":"ImageObject","inLanguage":"pt-PT","@id":"https:\/\/uptec.fera.miewstudio.com\/#\/schema\/logo\/image\/","url":"https:\/\/uptec.fera.miewstudio.com\/wp-content\/uploads\/2024\/10\/UPTEC-LOGO-BW.png","contentUrl":"https:\/\/uptec.fera.miewstudio.com\/wp-content\/uploads\/2024\/10\/UPTEC-LOGO-BW.png","width":579,"height":300,"caption":"UPTEC"},"image":{"@id":"https:\/\/uptec.fera.miewstudio.com\/#\/schema\/logo\/image\/"},"sameAs":["https:\/\/www.facebook.com\/uptec\/","https:\/\/x.com\/uptecporto","https:\/\/www.instagram.com\/uptec_porto\/","https:\/\/www.linkedin.com\/company\/uptecporto\/","https:\/\/www.youtube.com\/channel\/UCOfVYvrz-zuKQAlTK62_-Yg"]}]}},"_links":{"self":[{"href":"https:\/\/uptec.fera.miewstudio.com\/pt-pt\/wp-json\/wp\/v2\/pages\/1615","targetHints":{"allow":["GET"]}}],"collection":[{"href":"https:\/\/uptec.fera.miewstudio.com\/pt-pt\/wp-json\/wp\/v2\/pages"}],"about":[{"href":"https:\/\/uptec.fera.miewstudio.com\/pt-pt\/wp-json\/wp\/v2\/types\/page"}],"author":[{"embeddable":true,"href":"https:\/\/uptec.fera.miewstudio.com\/pt-pt\/wp-json\/wp\/v2\/users\/4"}],"replies":[{"embeddable":true,"href":"https:\/\/uptec.fera.miewstudio.com\/pt-pt\/wp-json\/wp\/v2\/comments?post=1615"}],"version-history":[{"count":7,"href":"https:\/\/uptec.fera.miewstudio.com\/pt-pt\/wp-json\/wp\/v2\/pages\/1615\/revisions"}],"predecessor-version":[{"id":4962,"href":"https:\/\/uptec.fera.miewstudio.com\/pt-pt\/wp-json\/wp\/v2\/pages\/1615\/revisions\/4962"}],"wp:attachment":[{"href":"https:\/\/uptec.fera.miewstudio.com\/pt-pt\/wp-json\/wp\/v2\/media?parent=1615"}],"curies":[{"name":"wp","href":"https:\/\/api.w.org\/{rel}","templated":true}]}}